{"id":12253,"date":"2025-08-27T11:52:00","date_gmt":"2025-08-27T11:52:00","guid":{"rendered":"https:\/\/caphtech.com\/?page_id=12253"},"modified":"2025-09-30T20:09:13","modified_gmt":"2025-09-30T20:09:13","slug":"about-us","status":"publish","type":"page","link":"https:\/\/caphtech.com\/fr\/about-us\/","title":{"rendered":"Qui sommes nous"},"content":{"rendered":"<div data-elementor-type=\"wp-page\" data-elementor-id=\"12253\" class=\"elementor elementor-12253\" data-elementor-post-type=\"page\">\n\t\t\t\t\t\t<section class=\"elementor-section elementor-top-section elementor-element elementor-element-52cfa13 elementor-section-boxed elementor-section-height-default elementor-section-height-default\" data-id=\"52cfa13\" data-element_type=\"section\" data-settings=\"{&quot;background_background&quot;:&quot;classic&quot;}\">\n\t\t\t\t\t\t<div class=\"elementor-container elementor-column-gap-default\">\n\t\t\t\t\t<div class=\"elementor-column elementor-col-100 elementor-top-column elementor-element elementor-element-00112d3\" data-id=\"00112d3\" data-element_type=\"column\" data-settings=\"{&quot;background_background&quot;:&quot;classic&quot;,&quot;background_motion_fx_motion_fx_scrolling&quot;:&quot;yes&quot;,&quot;background_motion_fx_translateX_effect&quot;:&quot;yes&quot;,&quot;background_motion_fx_translateX_speed&quot;:{&quot;unit&quot;:&quot;px&quot;,&quot;size&quot;:3,&quot;sizes&quot;:[]},&quot;background_motion_fx_devices&quot;:[&quot;desktop&quot;],&quot;background_motion_fx_translateX_affectedRange&quot;:{&quot;unit&quot;:&quot;%&quot;,&quot;size&quot;:&quot;&quot;,&quot;sizes&quot;:{&quot;start&quot;:0,&quot;end&quot;:100}}}\">\n\t\t\t<div class=\"elementor-widget-wrap elementor-element-populated\">\n\t\t\t\t\t\t<div class=\"elementor-element elementor-element-fbae571 elementor-widget__width-auto elementor-widget elementor-widget-heading\" data-id=\"fbae571\" data-element_type=\"widget\" data-widget_type=\"heading.default\">\n\t\t\t\t\t<span class=\"elementor-heading-title elementor-size-default\">Qui Sommes nous<\/span>\t\t\t\t<\/div>\n\t\t\t\t<div class=\"elementor-element elementor-element-b0a977c elementor-widget elementor-widget-heading\" data-id=\"b0a977c\" data-element_type=\"widget\" data-widget_type=\"heading.default\">\n\t\t\t\t\t<h5 class=\"elementor-heading-title elementor-size-default\">Caph Technologies<\/h5>\t\t\t\t<\/div>\n\t\t\t\t<div class=\"elementor-element elementor-element-55b67bc elementor-widget elementor-widget-text-editor\" data-id=\"55b67bc\" data-element_type=\"widget\" data-widget_type=\"text-editor.default\">\n\t\t\t\t\t\t\t\t\t<p><i>Votre partenaire de confiance dans le renforcement de la r\u00e9silience \u00e0 l&#039;encontre de l&#039;\u00e9volution des cyber-menaces.<\/i><\/p>\t\t\t\t\t\t\t\t<\/div>\n\t\t\t\t<div class=\"vamtam-has-theme-widget-styles elementor-element elementor-element-68e3084 elementor-widget__width-auto elementor-widget-mobile__width-inherit elementor-widget-tablet__width-auto elementor-invisible elementor-widget elementor-widget-button\" data-id=\"68e3084\" data-element_type=\"widget\" data-settings=\"{&quot;_animation&quot;:&quot;fadeIn&quot;,&quot;_animation_tablet&quot;:&quot;none&quot;,&quot;_animation_delay&quot;:400}\" data-widget_type=\"button.default\">\n\t\t\t\t\t\t\t\t\t\t<a class=\"elementor-button elementor-button-link elementor-size-sm\" href=\"https:\/\/caphtech.com\/fr\/contact-us\/\">\n\t\t\t\t\t\t<span class=\"elementor-button-content-wrapper\">\n\t\t\t\t\t\t\t\t\t<span class=\"elementor-button-text\">Contactez-Nous<\/span>\n\t\t\t\t\t<\/span>\n\t\t\t\t\t<\/a>\n\t\t\t\t\t\t\t\t<\/div>\n\t\t\t\t\t<\/div>\n\t\t<\/div>\n\t\t\t\t\t<\/div>\n\t\t<\/section>\n\t\t\t\t<section class=\"elementor-section elementor-top-section elementor-element elementor-element-0997d98 elementor-section-content-middle elementor-section-boxed elementor-section-height-default elementor-section-height-default\" data-id=\"0997d98\" data-element_type=\"section\">\n\t\t\t\t\t\t<div class=\"elementor-container elementor-column-gap-no\">\n\t\t\t\t\t<div class=\"elementor-column elementor-col-100 elementor-top-column elementor-element elementor-element-b03146f\" data-id=\"b03146f\" data-element_type=\"column\">\n\t\t\t<div class=\"elementor-widget-wrap elementor-element-populated\">\n\t\t\t\t\t\t<div class=\"elementor-element elementor-element-1008955 elementor-widget elementor-widget-heading\" data-id=\"1008955\" data-element_type=\"widget\" data-widget_type=\"heading.default\">\n\t\t\t\t\t<h2 class=\"elementor-heading-title elementor-size-default\">L'Histoire \u201cCaph\u201d<\/h2>\t\t\t\t<\/div>\n\t\t\t\t<div class=\"elementor-element elementor-element-bee6c93 elementor-widget elementor-widget-video\" data-id=\"bee6c93\" data-element_type=\"widget\" data-settings=\"{&quot;video_type&quot;:&quot;hosted&quot;,&quot;autoplay&quot;:&quot;yes&quot;,&quot;play_on_mobile&quot;:&quot;yes&quot;,&quot;loop&quot;:&quot;yes&quot;,&quot;controls&quot;:&quot;yes&quot;}\" data-widget_type=\"video.default\">\n\t\t\t\t\t\t\t<div class=\"e-hosted-video elementor-wrapper elementor-open-inline\">\n\t\t\t\t\t<video class=\"elementor-video\" src=\"https:\/\/caphtech.com\/wp-content\/uploads\/2025\/09\/Caph-Video-2.mp4\" autoplay=\"\" loop=\"\" controls=\"\" playsinline=\"\" controlslist=\"nodownload\"><\/video>\n\t\t\t\t<\/div>\n\t\t\t\t\t\t<\/div>\n\t\t\t\t<div class=\"elementor-element elementor-element-a848b05 elementor-widget elementor-widget-text-editor\" data-id=\"a848b05\" data-element_type=\"widget\" data-widget_type=\"text-editor.default\">\n\t\t\t\t\t\t\t\t\t<p>Longtemps avant que le GPS et les satellites, les navigateurs regard\u00e9 le ciel de la nuit de l&#039;orientation. Parmi la constellation de Cassiop\u00e9e distinctif de \u201cW\u201d forme brille\u00a0<strong>Caph<\/strong>un bel \u00e9quilibre de l&#039;\u00e9toile qui a servi de point de r\u00e9f\u00e9rence pour les explorateurs des si\u00e8cles. Plac\u00e9 pr\u00e8s du p\u00f4le c\u00e9leste, Caph a \u00e9t\u00e9 un marqueur de confiance, une constante dans le d\u00e9placement de ciel, d&#039;aider les voyageurs \u00e0 planifier leur parcours \u00e0 travers incertain eaux.<\/p><p>Nous avons choisi le nom\u00a0<strong>Caph Technologies<\/strong>\u00a0parce qu&#039;il refl\u00e8te le r\u00f4le que nous jouons pour nos clients: un point fixe de la clart\u00e9 dans un complexe et en constante \u00e9volution. Comme les \u00e9toiles, nous fournir une orientation lorsque le chemin est difficile, en aidant les organisations \u00e0 naviguer d\u00e9fis, saisir les opportunit\u00e9s, et d&#039;atteindre leur destination en toute confiance.<\/p><p><strong>Caph Technologies<\/strong>\u00a0c&#039;est plus qu&#039;un nom, c&#039;est une promesse d&#039;\u00eatre votre guide, votre constante, et votre partenaire dans la cr\u00e9ation de graphiques avec succ\u00e8s un cours de l&#039;avant.<\/p>\t\t\t\t\t\t\t\t<\/div>\n\t\t\t\t\t<\/div>\n\t\t<\/div>\n\t\t\t\t\t<\/div>\n\t\t<\/section>\n\t\t\t\t<section class=\"elementor-section elementor-top-section elementor-element elementor-element-31d74d6 elementor-section-boxed elementor-section-height-default elementor-section-height-default\" data-id=\"31d74d6\" data-element_type=\"section\">\n\t\t\t\t\t\t<div class=\"elementor-container elementor-column-gap-default\">\n\t\t\t\t\t<div class=\"elementor-column elementor-col-100 elementor-top-column elementor-element elementor-element-4cd3522\" data-id=\"4cd3522\" data-element_type=\"column\" data-settings=\"{&quot;background_background&quot;:&quot;classic&quot;,&quot;background_motion_fx_motion_fx_scrolling&quot;:&quot;yes&quot;,&quot;background_motion_fx_translateX_effect&quot;:&quot;yes&quot;,&quot;background_motion_fx_translateX_speed&quot;:{&quot;unit&quot;:&quot;px&quot;,&quot;size&quot;:3,&quot;sizes&quot;:[]},&quot;background_motion_fx_devices&quot;:[&quot;desktop&quot;],&quot;background_motion_fx_translateX_affectedRange&quot;:{&quot;unit&quot;:&quot;%&quot;,&quot;size&quot;:&quot;&quot;,&quot;sizes&quot;:{&quot;start&quot;:0,&quot;end&quot;:100}}}\">\n\t\t\t<div class=\"elementor-widget-wrap elementor-element-populated\">\n\t\t\t\t\t\t<div class=\"elementor-element elementor-element-d482475 elementor-widget elementor-widget-heading\" data-id=\"d482475\" data-element_type=\"widget\" data-widget_type=\"heading.default\">\n\t\t\t\t\t<h2 class=\"elementor-heading-title elementor-size-default\">Qui Sommes nous<\/h2>\t\t\t\t<\/div>\n\t\t\t\t<div class=\"elementor-element elementor-element-f2db3db elementor-widget elementor-widget-text-editor\" data-id=\"f2db3db\" data-element_type=\"widget\" data-widget_type=\"text-editor.default\">\n\t\t\t\t\t\t\t\t\t<p>Au Caph Technologies, nous croyons que la cybers\u00e9curit\u00e9 devrait \u00eatre\u00a0<strong>proactive, pratiques et ax\u00e9es sur les personnes<\/strong>. Cr\u00e9\u00e9 avec pour mission d&#039;aider les organisations \u00e0 g\u00e9rer la menace complexe du paysage, nous fournissons\u00a0<strong>sur mesure de conseil et des solutions de s\u00e9curit\u00e9<\/strong>\u00a0que de prot\u00e9ger ce qui compte le plus, vos personnes, des donn\u00e9es et des op\u00e9rations.<\/p><p>En tant que\u00a0<strong>boutique cabinet de conseil en cybers\u00e9curit\u00e9<\/strong>, nous sommes fiers de la combinaison de nos <strong>grand-cabinet d&#039;expertise avec un service personnalis\u00e9<\/strong>. Notre \u00e9quipe apporte une vaste exp\u00e9rience dans des secteurs tels que la finance, la sant\u00e9, le gouvernement, les infrastructures essentielles, et de la technologie, nous permettant d&#039;offrir des strat\u00e9gies aligner avec les deux\u00a0<strong>objectifs de l&#039;entreprise et les exigences r\u00e9glementaires<\/strong>.<\/p><p>Nous nous sp\u00e9cialisons dans les services, y compris\u00a0<strong>la gestion des risques, de l&#039;identit\u00e9 et gestion des acc\u00e8s, la menace d&#039;intelligence, tests de p\u00e9n\u00e9tration, de gestion des vuln\u00e9rabilit\u00e9s et de r\u00e9ponse aux incidents<\/strong> soutenu par des partenariats avec des leaders de la s\u00e9curit\u00e9 des fournisseurs de technologie.<\/p><p>Ce qui nous distingue est notre\u00a0<strong>approche collaborative<\/strong>. Nous n&#039;avons pas d&#039;offrir des solutions; nous travaillons avec votre \u00e9quipe\u00a0<strong>la construction de la r\u00e9silience, de r\u00e9duire les risques, et de cr\u00e9er une culture de la s\u00e9curit\u00e9<\/strong>.<\/p><p>\u00c0 la Caph, notre vision est claire: <b>M<\/b><strong>ake la cybers\u00e9curit\u00e9 d&#039;un Facilitateur, pas un obstacle<\/strong>. Nous nous effor\u00e7ons au renforcement des organisations de cro\u00eetre et d&#039;innover avec confiance.<\/p>\t\t\t\t\t\t\t\t<\/div>\n\t\t\t\t\t<\/div>\n\t\t<\/div>\n\t\t\t\t\t<\/div>\n\t\t<\/section>\n\t\t\t\t<section class=\"elementor-section elementor-top-section elementor-element elementor-element-19d83f3 elementor-section-boxed elementor-section-height-default elementor-section-height-default\" data-id=\"19d83f3\" data-element_type=\"section\">\n\t\t\t\t\t\t<div class=\"elementor-container elementor-column-gap-no\">\n\t\t\t\t\t<div class=\"elementor-column elementor-col-25 elementor-top-column elementor-element elementor-element-d7a720c elementor-invisible\" data-id=\"d7a720c\" data-element_type=\"column\" data-settings=\"{&quot;animation&quot;:&quot;fadeIn&quot;,&quot;animation_tablet&quot;:&quot;none&quot;,&quot;animation_delay&quot;:200}\">\n\t\t\t<div class=\"elementor-widget-wrap elementor-element-populated\">\n\t\t\t\t\t\t<div class=\"vamtam-has-theme-widget-styles elementor-element elementor-element-30f711f elementor-view-default elementor-position-top elementor-mobile-position-top elementor-widget elementor-widget-icon-box\" data-id=\"30f711f\" data-element_type=\"widget\" data-widget_type=\"icon-box.default\">\n\t\t\t\t\t\t\t<div class=\"elementor-icon-box-wrapper\">\n\n\t\t\t\t\t\t<div class=\"elementor-icon-box-icon\">\n\t\t\t\t<span  class=\"elementor-icon\">\n\t\t\t\t<i aria-hidden=\"true\" class=\"vamtamtheme- vamtam-theme-people\"><\/i>\t\t\t\t<\/span>\n\t\t\t<\/div>\n\t\t\t\n\t\t\t\t\t\t<div class=\"elementor-icon-box-content\">\n\n\t\t\t\t\t\t\t\t\t<h4 class=\"elementor-icon-box-title\">\n\t\t\t\t\t\t<span  >\n\t\t\t\t\t\t\tNotre Engagement\t\t\t\t\t\t<\/span>\n\t\t\t\t\t<\/h4>\n\t\t\t\t\n\t\t\t\t\t\t\t\t\t<p class=\"elementor-icon-box-description\">\n\t\t\t\t\t\tnous croyons \u00e0 anticiper les menaces, plut\u00f4t que de simplement r\u00e9agir.\t\t\t\t\t<\/p>\n\t\t\t\t\n\t\t\t<\/div>\n\t\t\t\n\t\t<\/div>\n\t\t\t\t\t\t<\/div>\n\t\t\t\t\t<\/div>\n\t\t<\/div>\n\t\t\t\t<div class=\"elementor-column elementor-col-25 elementor-top-column elementor-element elementor-element-a560b88 elementor-invisible\" data-id=\"a560b88\" data-element_type=\"column\" data-settings=\"{&quot;animation&quot;:&quot;fadeIn&quot;,&quot;animation_tablet&quot;:&quot;none&quot;,&quot;animation_delay&quot;:400}\">\n\t\t\t<div class=\"elementor-widget-wrap elementor-element-populated\">\n\t\t\t\t\t\t<div class=\"vamtam-has-theme-widget-styles elementor-element elementor-element-260c416 elementor-view-default elementor-position-top elementor-mobile-position-top elementor-widget elementor-widget-icon-box\" data-id=\"260c416\" data-element_type=\"widget\" data-widget_type=\"icon-box.default\">\n\t\t\t\t\t\t\t<div class=\"elementor-icon-box-wrapper\">\n\n\t\t\t\t\t\t<div class=\"elementor-icon-box-icon\">\n\t\t\t\t<span  class=\"elementor-icon\">\n\t\t\t\t<i aria-hidden=\"true\" class=\"vamtamtheme- vamtam-theme-Transactions\"><\/i>\t\t\t\t<\/span>\n\t\t\t<\/div>\n\t\t\t\n\t\t\t\t\t\t<div class=\"elementor-icon-box-content\">\n\n\t\t\t\t\t\t\t\t\t<h4 class=\"elementor-icon-box-title\">\n\t\t\t\t\t\t<span  >\n\t\t\t\t\t\t\tLa clart\u00e9\t\t\t\t\t\t<\/span>\n\t\t\t\t\t<\/h4>\n\t\t\t\t\n\t\t\t\t\t\t\t\t\t<p class=\"elementor-icon-box-description\">\n\t\t\t\t\t\tun rapport clair et de la communication ainsi les d\u00e9cideurs \u00e0 comprendre les risques, l&#039;impact,la\net quoi faire ensuite.\t\t\t\t\t<\/p>\n\t\t\t\t\n\t\t\t<\/div>\n\t\t\t\n\t\t<\/div>\n\t\t\t\t\t\t<\/div>\n\t\t\t\t\t<\/div>\n\t\t<\/div>\n\t\t\t\t<div class=\"elementor-column elementor-col-25 elementor-top-column elementor-element elementor-element-5d63ffb elementor-invisible\" data-id=\"5d63ffb\" data-element_type=\"column\" data-settings=\"{&quot;animation&quot;:&quot;fadeIn&quot;,&quot;animation_tablet&quot;:&quot;none&quot;,&quot;animation_delay&quot;:600}\">\n\t\t\t<div class=\"elementor-widget-wrap elementor-element-populated\">\n\t\t\t\t\t\t<div class=\"vamtam-has-theme-widget-styles elementor-element elementor-element-2c42f51 elementor-view-default elementor-position-top elementor-mobile-position-top elementor-widget elementor-widget-icon-box\" data-id=\"2c42f51\" data-element_type=\"widget\" data-widget_type=\"icon-box.default\">\n\t\t\t\t\t\t\t<div class=\"elementor-icon-box-wrapper\">\n\n\t\t\t\t\t\t<div class=\"elementor-icon-box-icon\">\n\t\t\t\t<span  class=\"elementor-icon\">\n\t\t\t\t<i aria-hidden=\"true\" class=\"vamtamtheme- vamtam-theme-Fintech\"><\/i>\t\t\t\t<\/span>\n\t\t\t<\/div>\n\t\t\t\n\t\t\t\t\t\t<div class=\"elementor-icon-box-content\">\n\n\t\t\t\t\t\t\t\t\t<h4 class=\"elementor-icon-box-title\">\n\t\t\t\t\t\t<span  >\n\t\t\t\t\t\t\tLa r\u00e9silience\t\t\t\t\t\t<\/span>\n\t\t\t\t\t<\/h4>\n\t\t\t\t\n\t\t\t\t\t\t\t\t\t<p class=\"elementor-icon-box-description\">\n\t\t\t\t\t\tpas uniquement de pr\u00e9venir les incidents, mais vous aider \u00e0 renforcer la capacit\u00e9 de rebondir\nplus forte.\t\t\t\t\t<\/p>\n\t\t\t\t\n\t\t\t<\/div>\n\t\t\t\n\t\t<\/div>\n\t\t\t\t\t\t<\/div>\n\t\t\t\t\t<\/div>\n\t\t<\/div>\n\t\t\t\t<div class=\"elementor-column elementor-col-25 elementor-top-column elementor-element elementor-element-96a505d elementor-invisible\" data-id=\"96a505d\" data-element_type=\"column\" data-settings=\"{&quot;animation&quot;:&quot;fadeIn&quot;,&quot;animation_tablet&quot;:&quot;none&quot;,&quot;animation_delay&quot;:800}\">\n\t\t\t<div class=\"elementor-widget-wrap elementor-element-populated\">\n\t\t\t\t\t\t<div class=\"vamtam-has-theme-widget-styles elementor-element elementor-element-27a6c53 elementor-view-default elementor-position-top elementor-mobile-position-top elementor-widget elementor-widget-icon-box\" data-id=\"27a6c53\" data-element_type=\"widget\" data-widget_type=\"icon-box.default\">\n\t\t\t\t\t\t\t<div class=\"elementor-icon-box-wrapper\">\n\n\t\t\t\t\t\t<div class=\"elementor-icon-box-icon\">\n\t\t\t\t<span  class=\"elementor-icon\">\n\t\t\t\t<i aria-hidden=\"true\" class=\"vamtamtheme- vamtam-theme-Consulting\"><\/i>\t\t\t\t<\/span>\n\t\t\t<\/div>\n\t\t\t\n\t\t\t\t\t\t<div class=\"elementor-icon-box-content\">\n\n\t\t\t\t\t\t\t\t\t<h4 class=\"elementor-icon-box-title\">\n\t\t\t\t\t\t<span  >\n\t\t\t\t\t\t\tPartenariat\t\t\t\t\t\t<\/span>\n\t\t\t\t\t<\/h4>\n\t\t\t\t\n\t\t\t\t\t\t\t\t\t<p class=\"elementor-icon-box-description\">\n\t\t\t\t\t\tla s\u00e9curit\u00e9 est une aventure commune. Nous travaillons avec votre \u00e9quipe \u00e0 tous les niveaux.\t\t\t\t\t<\/p>\n\t\t\t\t\n\t\t\t<\/div>\n\t\t\t\n\t\t<\/div>\n\t\t\t\t\t\t<\/div>\n\t\t\t\t\t<\/div>\n\t\t<\/div>\n\t\t\t\t\t<\/div>\n\t\t<\/section>\n\t\t\t\t<section class=\"elementor-section elementor-top-section elementor-element elementor-element-517227e7 elementor-section-boxed elementor-section-height-default elementor-section-height-default\" data-id=\"517227e7\" data-element_type=\"section\">\n\t\t\t\t\t\t<div class=\"elementor-container elementor-column-gap-default\">\n\t\t\t\t\t<div class=\"elementor-column elementor-col-50 elementor-top-column elementor-element elementor-element-971bc77\" data-id=\"971bc77\" data-element_type=\"column\" data-settings=\"{&quot;background_background&quot;:&quot;classic&quot;}\">\n\t\t\t<div class=\"elementor-widget-wrap elementor-element-populated\">\n\t\t\t\t\t\t<div class=\"elementor-element elementor-element-5cda992f elementor-widget elementor-widget-spacer\" data-id=\"5cda992f\" data-element_type=\"widget\" data-widget_type=\"spacer.default\">\n\t\t\t\t\t\t\t<div class=\"elementor-spacer\">\n\t\t\t<div class=\"elementor-spacer-inner\"><\/div>\n\t\t<\/div>\n\t\t\t\t\t\t<\/div>\n\t\t\t\t\t<\/div>\n\t\t<\/div>\n\t\t\t\t<div class=\"elementor-column elementor-col-50 elementor-top-column elementor-element elementor-element-f03a10e\" data-id=\"f03a10e\" data-element_type=\"column\">\n\t\t\t<div class=\"elementor-widget-wrap elementor-element-populated\">\n\t\t\t\t\t\t<div class=\"elementor-element elementor-element-1d6fcd02 elementor-widget elementor-widget-heading\" data-id=\"1d6fcd02\" data-element_type=\"widget\" data-widget_type=\"heading.default\">\n\t\t\t\t\t<h3 class=\"elementor-heading-title elementor-size-default\">Votre s\u00e9curit\u00e9 est\nnotre mission.<\/h3>\t\t\t\t<\/div>\n\t\t\t\t<div class=\"elementor-element elementor-element-24c0ad31 elementor-widget elementor-widget-text-editor\" data-id=\"24c0ad31\" data-element_type=\"widget\" data-widget_type=\"text-editor.default\">\n\t\t\t\t\t\t\t\t\t<p>Caph Technologies de l&#039;offre innovante de services de cybers\u00e9curit\u00e9 afin de prot\u00e9ger vos donn\u00e9es, de syst\u00e8mes et de r\u00e9putation.<br \/>Avec nous, vous pouvez vous concentrer sur la croissance, tandis que nous nous occupons de menaces.<\/p><p>Rester En S\u00e9curit\u00e9. S\u00e9jour R\u00e9silient.<\/p>\t\t\t\t\t\t\t\t<\/div>\n\t\t\t\t\t<\/div>\n\t\t<\/div>\n\t\t\t\t\t<\/div>\n\t\t<\/section>\n\t\t\t\t<\/div>","protected":false},"excerpt":{"rendered":"<p>Who We Are About Caph Technologies Your trusted partner in building resilience against evolving cyber threats. Contact Us The Story Behind \u201cCaph\u201d https:\/\/caphtech.com\/wp-content\/uploads\/2025\/09\/Caph-Video-2.mp4 Long before GPS and satellites, navigators looked to the night sky for guidance. Among the constellation Cassiopeia\u2019s distinctive \u201cW\u201d shape shines\u00a0Caph, a bright, steady star that has served as a reference point&#8230;<\/p>","protected":false},"author":1,"featured_media":0,"parent":0,"menu_order":0,"comment_status":"closed","ping_status":"closed","template":"elementor_header_footer","meta":{"footnotes":""},"class_list":["post-12253","page","type-page","status-publish","hentry"],"_links":{"self":[{"href":"https:\/\/caphtech.com\/fr\/wp-json\/wp\/v2\/pages\/12253","targetHints":{"allow":["GET"]}}],"collection":[{"href":"https:\/\/caphtech.com\/fr\/wp-json\/wp\/v2\/pages"}],"about":[{"href":"https:\/\/caphtech.com\/fr\/wp-json\/wp\/v2\/types\/page"}],"author":[{"embeddable":true,"href":"https:\/\/caphtech.com\/fr\/wp-json\/wp\/v2\/users\/1"}],"replies":[{"embeddable":true,"href":"https:\/\/caphtech.com\/fr\/wp-json\/wp\/v2\/comments?post=12253"}],"version-history":[{"count":38,"href":"https:\/\/caphtech.com\/fr\/wp-json\/wp\/v2\/pages\/12253\/revisions"}],"predecessor-version":[{"id":23589,"href":"https:\/\/caphtech.com\/fr\/wp-json\/wp\/v2\/pages\/12253\/revisions\/23589"}],"wp:attachment":[{"href":"https:\/\/caphtech.com\/fr\/wp-json\/wp\/v2\/media?parent=12253"}],"curies":[{"name":"wp","href":"https:\/\/api.w.org\/{rel}","templated":true}]}}