{"id":21232,"date":"2025-09-15T23:48:25","date_gmt":"2025-09-15T23:48:25","guid":{"rendered":"https:\/\/caphtech.com\/?page_id=21232"},"modified":"2025-10-01T12:08:05","modified_gmt":"2025-10-01T12:08:05","slug":"transportation-industry","status":"publish","type":"page","link":"https:\/\/caphtech.com\/fr\/transportation-industry\/","title":{"rendered":"L&#039;Industrie Du Transport"},"content":{"rendered":"<div data-elementor-type=\"wp-page\" data-elementor-id=\"21232\" class=\"elementor elementor-21232\" data-elementor-post-type=\"page\">\n\t\t\t\t\t\t<section class=\"elementor-section elementor-top-section elementor-element elementor-element-412b3bfb elementor-section-boxed elementor-section-height-default elementor-section-height-default\" data-id=\"412b3bfb\" data-element_type=\"section\" data-settings=\"{&quot;background_background&quot;:&quot;classic&quot;}\">\n\t\t\t\t\t\t<div class=\"elementor-container elementor-column-gap-default\">\n\t\t\t\t\t<div class=\"elementor-column elementor-col-100 elementor-top-column elementor-element elementor-element-676fb3b2\" data-id=\"676fb3b2\" data-element_type=\"column\" data-settings=\"{&quot;background_background&quot;:&quot;classic&quot;,&quot;background_motion_fx_motion_fx_scrolling&quot;:&quot;yes&quot;,&quot;background_motion_fx_translateX_effect&quot;:&quot;yes&quot;,&quot;background_motion_fx_translateX_speed&quot;:{&quot;unit&quot;:&quot;px&quot;,&quot;size&quot;:3,&quot;sizes&quot;:[]},&quot;background_motion_fx_devices&quot;:[&quot;desktop&quot;],&quot;background_motion_fx_translateX_affectedRange&quot;:{&quot;unit&quot;:&quot;%&quot;,&quot;size&quot;:&quot;&quot;,&quot;sizes&quot;:{&quot;start&quot;:0,&quot;end&quot;:100}}}\">\n\t\t\t<div class=\"elementor-widget-wrap elementor-element-populated\">\n\t\t\t\t\t\t<div class=\"elementor-element elementor-element-214925da elementor-widget__width-auto elementor-widget elementor-widget-heading\" data-id=\"214925da\" data-element_type=\"widget\" data-widget_type=\"heading.default\">\n\t\t\t\t\t<span class=\"elementor-heading-title elementor-size-default\">Services<\/span>\t\t\t\t<\/div>\n\t\t\t\t<div class=\"elementor-element elementor-element-7055a2a9 elementor-widget elementor-widget-heading\" data-id=\"7055a2a9\" data-element_type=\"widget\" data-widget_type=\"heading.default\">\n\t\t\t\t\t<h2 class=\"elementor-heading-title elementor-size-default\">L&#039;Industrie Du Transport<\/h2>\t\t\t\t<\/div>\n\t\t\t\t<div class=\"elementor-element elementor-element-76a7af62 elementor-widget elementor-widget-text-editor\" data-id=\"76a7af62\" data-element_type=\"widget\" data-widget_type=\"text-editor.default\">\n\t\t\t\t\t\t\t\t\tSur la cybers\u00e9curit\u00e9 pour l&#039;Industrie du Transport \t\t\t\t\t\t\t\t<\/div>\n\t\t\t\t<div class=\"vamtam-has-theme-widget-styles elementor-element elementor-element-6a793f1c elementor-widget__width-auto elementor-widget-mobile__width-inherit elementor-widget-tablet__width-auto elementor-mobile-align-justify elementor-invisible elementor-widget elementor-widget-button\" data-id=\"6a793f1c\" data-element_type=\"widget\" data-settings=\"{&quot;_animation&quot;:&quot;fadeIn&quot;,&quot;_animation_tablet&quot;:&quot;none&quot;,&quot;_animation_delay&quot;:400}\" data-widget_type=\"button.default\">\n\t\t\t\t\t\t\t\t\t\t<a class=\"elementor-button elementor-button-link elementor-size-sm\" href=\"https:\/\/caphtech.com\/fr\/contact-us\/\">\n\t\t\t\t\t\t<span class=\"elementor-button-content-wrapper\">\n\t\t\t\t\t\t\t\t\t<span class=\"elementor-button-text\">Contactez-nous<\/span>\n\t\t\t\t\t<\/span>\n\t\t\t\t\t<\/a>\n\t\t\t\t\t\t\t\t<\/div>\n\t\t\t\t\t<\/div>\n\t\t<\/div>\n\t\t\t\t\t<\/div>\n\t\t<\/section>\n\t\t\t\t<section class=\"elementor-section elementor-top-section elementor-element elementor-element-40ae34ab elementor-section-boxed elementor-section-height-default elementor-section-height-default\" data-id=\"40ae34ab\" data-element_type=\"section\">\n\t\t\t\t\t\t<div class=\"elementor-container elementor-column-gap-no\">\n\t\t\t\t\t<div class=\"elementor-column elementor-col-100 elementor-top-column elementor-element elementor-element-330d6ad3\" data-id=\"330d6ad3\" data-element_type=\"column\">\n\t\t\t<div class=\"elementor-widget-wrap elementor-element-populated\">\n\t\t\t\t\t\t<div class=\"elementor-element elementor-element-bc4b9cf elementor-widget elementor-widget-image-carousel\" data-id=\"bc4b9cf\" data-element_type=\"widget\" data-settings=\"{&quot;slides_to_show&quot;:&quot;1&quot;,&quot;navigation&quot;:&quot;none&quot;,&quot;lazyload&quot;:&quot;yes&quot;,&quot;effect&quot;:&quot;fade&quot;,&quot;autoplay&quot;:&quot;yes&quot;,&quot;autoplay_speed&quot;:5000,&quot;infinite&quot;:&quot;yes&quot;,&quot;speed&quot;:500}\" data-widget_type=\"image-carousel.default\">\n\t\t\t\t\t\t\t<div class=\"elementor-image-carousel-wrapper swiper\" role=\"region\" aria-roledescription=\"carousel\" aria-label=\"Carrousel D&#039;Images\" dir=\"ltr\">\n\t\t\t<div class=\"elementor-image-carousel swiper-wrapper swiper-image-stretch\" aria-live=\"off\">\n\t\t\t\t\t\t\t\t<div class=\"swiper-slide\" role=\"group\" aria-roledescription=\"slide\" aria-label=\"1 sur 3\"><figure class=\"swiper-slide-inner\"><img class=\"swiper-slide-image swiper-lazy\" data-src=\"https:\/\/caphtech.com\/wp-content\/uploads\/2025\/09\/7-2.jpg\" alt=\"7\" \/><div class=\"swiper-lazy-preloader\"><\/div><\/figure><\/div><div class=\"swiper-slide\" role=\"group\" aria-roledescription=\"slide\" aria-label=\"2 sur 3\"><figure class=\"swiper-slide-inner\"><img class=\"swiper-slide-image swiper-lazy\" data-src=\"https:\/\/caphtech.com\/wp-content\/uploads\/2025\/09\/6-2.jpg\" alt=\"6\" \/><div class=\"swiper-lazy-preloader\"><\/div><\/figure><\/div><div class=\"swiper-slide\" role=\"group\" aria-roledescription=\"slide\" aria-label=\"3 sur 3\"><figure class=\"swiper-slide-inner\"><img class=\"swiper-slide-image swiper-lazy\" data-src=\"https:\/\/caphtech.com\/wp-content\/uploads\/2025\/09\/Transportation3-scaled.jpeg\" alt=\"blur hi speed subway underground train fast business transport concept\" \/><div class=\"swiper-lazy-preloader\"><\/div><\/figure><\/div>\t\t\t<\/div>\n\t\t\t\t\t\t\t\n\t\t\t\t\t\t\t\t\t<\/div>\n\t\t\t\t\t\t<\/div>\n\t\t\t\t\t<\/div>\n\t\t<\/div>\n\t\t\t\t\t<\/div>\n\t\t<\/section>\n\t\t\t\t<section class=\"elementor-section elementor-top-section elementor-element elementor-element-f69b23 elementor-section-boxed elementor-section-height-default elementor-section-height-default\" data-id=\"f69b23\" data-element_type=\"section\">\n\t\t\t\t\t\t<div class=\"elementor-container elementor-column-gap-no\">\n\t\t\t\t\t<div class=\"elementor-column elementor-col-100 elementor-top-column elementor-element elementor-element-40388254\" data-id=\"40388254\" data-element_type=\"column\">\n\t\t\t<div class=\"elementor-widget-wrap elementor-element-populated\">\n\t\t\t\t\t\t<div class=\"elementor-element elementor-element-5dbbef8 elementor-widget elementor-widget-text-editor\" data-id=\"5dbbef8\" data-element_type=\"widget\" data-widget_type=\"text-editor.default\">\n\t\t\t\t\t\t\t\t\t<p><strong>La s\u00e9curisation des Syst\u00e8mes Que le D\u00e9placement des Personnes et des Biens<\/strong><\/p><p>Modernes de transport et de syst\u00e8mes de transport en commun sont de plus en plus connect\u00e9, l&#039;int\u00e9gration de technologies d&#039;exploitation (OT), technologie de l&#039;information (IT), l&#039;Ido appareils et plateformes de cloud computing pour fournir de fa\u00e7on efficace, s\u00fbre, et des services fiables. Mais cette connectivit\u00e9 permet \u00e9galement de d\u00e9velopper la surface d&#039;attaque, prise de r\u00e9seaux ferroviaires, syst\u00e8mes de bus, de contr\u00f4le de la circulation et de la logistique, les op\u00e9rations des cibles de choix pour les cyber-menaces qui peuvent perturber les services, de compromettre la s\u00e9curit\u00e9, et les dommages de la confiance du public.<\/p><p>Notre\u00a0<strong>Le Transport Des Solutions De Cybers\u00e9curit\u00e9<\/strong>\u00a0sont con\u00e7us pour prot\u00e9ger les infrastructures essentielles de l&#039;\u00e9volution des risques tout en assurant la conformit\u00e9 avec les r\u00e8glements de l&#039;industrie et de la continuit\u00e9 op\u00e9rationnelle. Nous travaillons en partenariat avec les organismes publics, les op\u00e9rateurs priv\u00e9s, et les fournisseurs d&#039;infrastructures de livrer:<\/p>\t\t\t\t\t\t\t\t<\/div>\n\t\t\t\t\t<\/div>\n\t\t<\/div>\n\t\t\t\t\t<\/div>\n\t\t<\/section>\n\t\t\t\t<section class=\"elementor-section elementor-top-section elementor-element elementor-element-fa2830f elementor-section-height-full elementor-section-boxed elementor-section-height-default elementor-section-items-middle\" data-id=\"fa2830f\" data-element_type=\"section\">\n\t\t\t\t\t\t<div class=\"elementor-container elementor-column-gap-default\">\n\t\t\t\t\t<div class=\"elementor-column elementor-col-50 elementor-top-column elementor-element elementor-element-1b07d7e\" data-id=\"1b07d7e\" data-element_type=\"column\">\n\t\t\t<div class=\"elementor-widget-wrap elementor-element-populated\">\n\t\t\t\t\t\t<section class=\"elementor-section elementor-inner-section elementor-element elementor-element-5df5457 elementor-section-height-full elementor-section-content-middle elementor-section-boxed elementor-section-height-default\" data-id=\"5df5457\" data-element_type=\"section\" data-settings=\"{&quot;sticky&quot;:&quot;top&quot;,&quot;sticky_on&quot;:[&quot;desktop&quot;,&quot;tablet&quot;],&quot;sticky_parent&quot;:&quot;yes&quot;,&quot;sticky_offset&quot;:0,&quot;sticky_effects_offset&quot;:0,&quot;sticky_anchor_link_offset&quot;:0}\">\n\t\t\t\t\t\t<div class=\"elementor-container elementor-column-gap-no\">\n\t\t\t\t\t<div class=\"elementor-column elementor-col-100 elementor-inner-column elementor-element elementor-element-fc0df37\" data-id=\"fc0df37\" data-element_type=\"column\">\n\t\t\t<div class=\"elementor-widget-wrap elementor-element-populated\">\n\t\t\t\t\t\t<div class=\"elementor-element elementor-element-2c633b1 elementor-widget elementor-widget-image\" data-id=\"2c633b1\" data-element_type=\"widget\" data-settings=\"{&quot;motion_fx_motion_fx_scrolling&quot;:&quot;yes&quot;,&quot;motion_fx_translateY_effect&quot;:&quot;yes&quot;,&quot;motion_fx_translateY_speed&quot;:{&quot;unit&quot;:&quot;px&quot;,&quot;size&quot;:2,&quot;sizes&quot;:[]},&quot;motion_fx_devices&quot;:[&quot;desktop&quot;,&quot;tablet&quot;],&quot;motion_fx_translateY_affectedRange&quot;:{&quot;unit&quot;:&quot;%&quot;,&quot;size&quot;:&quot;&quot;,&quot;sizes&quot;:{&quot;start&quot;:0,&quot;end&quot;:100}}}\" data-widget_type=\"image.default\">\n\t\t\t\t\t\t\t\t\t\t\t\t\t\t\t<img fetchpriority=\"high\" decoding=\"async\" width=\"294\" height=\"291\" src=\"https:\/\/caphtech.com\/wp-content\/uploads\/2025\/09\/Shape-dots-arrow-right.svg\" class=\"attachment-full size-full wp-image-23376\" alt=\"\" \/>\t\t\t\t\t\t\t\t\t\t\t\t\t\t\t<\/div>\n\t\t\t\t<div class=\"elementor-element elementor-element-b5ce4cc elementor-widget__width-initial elementor-widget elementor-widget-heading\" data-id=\"b5ce4cc\" data-element_type=\"widget\" data-widget_type=\"heading.default\">\n\t\t\t\t\t<h2 class=\"elementor-heading-title elementor-size-default\">Nos Services Comprennent:<\/h2>\t\t\t\t<\/div>\n\t\t\t\t<div class=\"elementor-element elementor-element-2bdd93b elementor-widget__width-initial elementor-widget elementor-widget-text-editor\" data-id=\"2bdd93b\" data-element_type=\"widget\" data-widget_type=\"text-editor.default\">\n\t\t\t\t\t\t\t\t\t<p>\u00c0 partir de la sauvegarde de la s\u00e9curit\u00e9 des passagers \u00e0 prot\u00e9ger les revenus des syst\u00e8mes et des donn\u00e9es op\u00e9rationnelles, nous aider de transport et de transit des organismes rester en avance sur les cyber-menaces, leur permettant d&#039;op\u00e9rer en toute s\u00e9curit\u00e9, respecter les obligations de conformit\u00e9, et de maintenir la confiance du public est de plus en plus num\u00e9rique, la mobilit\u00e9 du paysage.<\/p>\t\t\t\t\t\t\t\t<\/div>\n\t\t\t\t\t<\/div>\n\t\t<\/div>\n\t\t\t\t\t<\/div>\n\t\t<\/section>\n\t\t\t\t\t<\/div>\n\t\t<\/div>\n\t\t\t\t<div class=\"elementor-column elementor-col-50 elementor-top-column elementor-element elementor-element-153fc91\" data-id=\"153fc91\" data-element_type=\"column\" data-settings=\"{&quot;background_background&quot;:&quot;classic&quot;}\">\n\t\t\t<div class=\"elementor-widget-wrap elementor-element-populated\">\n\t\t\t\t\t\t<div class=\"elementor-element elementor-element-4b1ed9d elementor-widget elementor-widget-text-editor\" data-id=\"4b1ed9d\" data-element_type=\"widget\" data-widget_type=\"text-editor.default\">\n\t\t\t\t\t\t\t\t\t<ul><li><strong>Les \u00c9valuations Compl\u00e8tes Des Risques<\/strong>: Identifier les vuln\u00e9rabilit\u00e9s dans des OT, C&#039;, et connect\u00e9 actifs, y compris les syst\u00e8mes SCADA, de signalisation, et le tarif de plates-formes de collecte.<\/li><\/ul>\t\t\t\t\t\t\t\t<\/div>\n\t\t\t\t<div class=\"elementor-element elementor-element-f5c90f0 elementor-widget-divider--view-line elementor-widget elementor-widget-divider\" data-id=\"f5c90f0\" data-element_type=\"widget\" data-widget_type=\"divider.default\">\n\t\t\t\t\t\t\t<div class=\"elementor-divider\">\n\t\t\t<span class=\"elementor-divider-separator\">\n\t\t\t\t\t\t<\/span>\n\t\t<\/div>\n\t\t\t\t\t\t<\/div>\n\t\t\t\t<div class=\"elementor-element elementor-element-9179d63 elementor-widget elementor-widget-text-editor\" data-id=\"9179d63\" data-element_type=\"widget\" data-widget_type=\"text-editor.default\">\n\t\t\t\t\t\t\t\t\t<ul><li><strong>Architecture S\u00e9curis\u00e9e, La Segmentation Du R\u00e9seau<\/strong>&amp; <strong>Les Contr\u00f4les D&#039;Acc\u00e8s: <\/strong>Concevoir et mettre en \u0153uvre une protection multi-niveaux pour contenir les menaces et prot\u00e9ger les syst\u00e8mes critiques de mission.<\/li><\/ul>\t\t\t\t\t\t\t\t<\/div>\n\t\t\t\t<div class=\"elementor-element elementor-element-41fcb04 elementor-widget-divider--view-line elementor-widget elementor-widget-divider\" data-id=\"41fcb04\" data-element_type=\"widget\" data-widget_type=\"divider.default\">\n\t\t\t\t\t\t\t<div class=\"elementor-divider\">\n\t\t\t<span class=\"elementor-divider-separator\">\n\t\t\t\t\t\t<\/span>\n\t\t<\/div>\n\t\t\t\t\t\t<\/div>\n\t\t\t\t<div class=\"elementor-element elementor-element-817310a elementor-widget elementor-widget-text-editor\" data-id=\"817310a\" data-element_type=\"widget\" data-widget_type=\"text-editor.default\">\n\t\t\t\t\t\t\t\t\t<ul><li><strong>La Menace De Surveillance Et De R\u00e9ponse En Cas D&#039;Incident:<\/strong>\u00a0Fournir une supervision 24\/7, rapide du confinement et de l&#039;enqu\u00eate m\u00e9dico-l\u00e9gale afin de minimiser les temps d&#039;arr\u00eat et des interruptions de service.<\/li><\/ul>\t\t\t\t\t\t\t\t<\/div>\n\t\t\t\t<div class=\"elementor-element elementor-element-91a744a elementor-widget-divider--view-line elementor-widget elementor-widget-divider\" data-id=\"91a744a\" data-element_type=\"widget\" data-widget_type=\"divider.default\">\n\t\t\t\t\t\t\t<div class=\"elementor-divider\">\n\t\t\t<span class=\"elementor-divider-separator\">\n\t\t\t\t\t\t<\/span>\n\t\t<\/div>\n\t\t\t\t\t\t<\/div>\n\t\t\t\t<div class=\"elementor-element elementor-element-d119fd8 elementor-widget elementor-widget-text-editor\" data-id=\"d119fd8\" data-element_type=\"widget\" data-widget_type=\"text-editor.default\">\n\t\t\t\t\t\t\t\t\t<ul><li><strong>Soutien De La Conformit\u00e9 R\u00e9glementaire:<\/strong>\u00a0Aligner avec TSA, ALE, FRA, et d&#039;autres infrastructures essentielles en mati\u00e8re de s\u00e9curit\u00e9.<\/li><\/ul>\t\t\t\t\t\t\t\t<\/div>\n\t\t\t\t<div class=\"elementor-element elementor-element-958911a elementor-widget-divider--view-line elementor-widget elementor-widget-divider\" data-id=\"958911a\" data-element_type=\"widget\" data-widget_type=\"divider.default\">\n\t\t\t\t\t\t\t<div class=\"elementor-divider\">\n\t\t\t<span class=\"elementor-divider-separator\">\n\t\t\t\t\t\t<\/span>\n\t\t<\/div>\n\t\t\t\t\t\t<\/div>\n\t\t\t\t<div class=\"elementor-element elementor-element-740f146 elementor-widget elementor-widget-text-editor\" data-id=\"740f146\" data-element_type=\"widget\" data-widget_type=\"text-editor.default\">\n\t\t\t\t\t\t\t\t\t<ul><li><strong>La R\u00e9silience Et La Planification De La R\u00e9cup\u00e9ration:<\/strong>\u00a0\u00c9laborer des strat\u00e9gies, des tablettes playbook, et de la formation afin d&#039;assurer une r\u00e9cup\u00e9ration rapide et \u00e0 long terme de r\u00e9silience op\u00e9rationnelle.<\/li><\/ul>\t\t\t\t\t\t\t\t<\/div>\n\t\t\t\t\t<\/div>\n\t\t<\/div>\n\t\t\t\t\t<\/div>\n\t\t<\/section>\n\t\t\t\t<section class=\"elementor-section elementor-top-section elementor-element elementor-element-380f2b47 elementor-section-boxed elementor-section-height-default elementor-section-height-default\" data-id=\"380f2b47\" data-element_type=\"section\">\n\t\t\t\t\t\t<div class=\"elementor-container elementor-column-gap-default\">\n\t\t\t\t\t<div class=\"elementor-column elementor-col-100 elementor-top-column elementor-element elementor-element-7b3127c2\" data-id=\"7b3127c2\" data-element_type=\"column\" data-settings=\"{&quot;background_background&quot;:&quot;classic&quot;,&quot;background_motion_fx_motion_fx_scrolling&quot;:&quot;yes&quot;,&quot;background_motion_fx_translateX_effect&quot;:&quot;yes&quot;,&quot;background_motion_fx_translateX_speed&quot;:{&quot;unit&quot;:&quot;px&quot;,&quot;size&quot;:3,&quot;sizes&quot;:[]},&quot;background_motion_fx_devices&quot;:[&quot;desktop&quot;],&quot;background_motion_fx_translateX_affectedRange&quot;:{&quot;unit&quot;:&quot;%&quot;,&quot;size&quot;:&quot;&quot;,&quot;sizes&quot;:{&quot;start&quot;:0,&quot;end&quot;:100}}}\">\n\t\t\t<div class=\"elementor-widget-wrap elementor-element-populated\">\n\t\t\t\t\t\t<div class=\"elementor-element elementor-element-56c0e651 elementor-widget elementor-widget-heading\" data-id=\"56c0e651\" data-element_type=\"widget\" data-widget_type=\"heading.default\">\n\t\t\t\t\t<h2 class=\"elementor-heading-title elementor-size-default\">Pourquoi C&#039;Est Important<\/h2>\t\t\t\t<\/div>\n\t\t\t\t<div class=\"elementor-element elementor-element-15b3b1da elementor-widget__width-inherit elementor-widget-mobile__width-inherit elementor-icon-list--layout-traditional elementor-list-item-link-full_width elementor-widget elementor-widget-icon-list\" data-id=\"15b3b1da\" data-element_type=\"widget\" data-widget_type=\"icon-list.default\">\n\t\t\t\t\t\t\t<ul class=\"elementor-icon-list-items\">\n\t\t\t\t\t\t\t<li class=\"elementor-icon-list-item\">\n\t\t\t\t\t\t\t\t\t\t\t<span class=\"elementor-icon-list-icon\">\n\t\t\t\t\t\t\t<i aria-hidden=\"true\" class=\"vamtamtheme- vamtam-theme-check-box\"><\/i>\t\t\t\t\t\t<\/span>\n\t\t\t\t\t\t\t\t\t\t<span class=\"elementor-icon-list-text\"><b><i>La S\u00e9curit\u00e9 D&#039;Abord<\/i><\/b>: La protection des passagers, des employ\u00e9s et des communaut\u00e9s.<\/span>\n\t\t\t\t\t\t\t\t\t<\/li>\n\t\t\t\t\t\t\t\t<li class=\"elementor-icon-list-item\">\n\t\t\t\t\t\t\t\t\t\t\t<span class=\"elementor-icon-list-icon\">\n\t\t\t\t\t\t\t<i aria-hidden=\"true\" class=\"vamtamtheme- vamtam-theme-check-box\"><\/i>\t\t\t\t\t\t<\/span>\n\t\t\t\t\t\t\t\t\t\t<span class=\"elementor-icon-list-text\"><b><i>R\u00e9silience Op\u00e9rationnelle<\/i><\/b>: minimiser les interruptions de service et les temps d&#039;arr\u00eat co\u00fbteux.<\/span>\n\t\t\t\t\t\t\t\t\t<\/li>\n\t\t\t\t\t\t\t\t<li class=\"elementor-icon-list-item\">\n\t\t\t\t\t\t\t\t\t\t\t<span class=\"elementor-icon-list-icon\">\n\t\t\t\t\t\t\t<i aria-hidden=\"true\" class=\"vamtamtheme- vamtam-theme-check-box\"><\/i>\t\t\t\t\t\t<\/span>\n\t\t\t\t\t\t\t\t\t\t<span class=\"elementor-icon-list-text\"><b><i>De R\u00e9glementation De La Confiance:<\/i><\/b> r\u00e9pondre \u00e0 la croissance de la cybers\u00e9curit\u00e9 exigences pour les syst\u00e8mes de transport en commun.<\/span>\n\t\t\t\t\t\t\t\t\t<\/li>\n\t\t\t\t\t\t\t\t<li class=\"elementor-icon-list-item\">\n\t\t\t\t\t\t\t\t\t\t\t<span class=\"elementor-icon-list-icon\">\n\t\t\t\t\t\t\t<i aria-hidden=\"true\" class=\"vamtamtheme- vamtam-theme-check-box\"><\/i>\t\t\t\t\t\t<\/span>\n\t\t\t\t\t\t\t\t\t\t<span class=\"elementor-icon-list-text\"><b><i>La Confiance Du Public<\/i><\/b>: assurer la fiabilit\u00e9 et la confiance dans les syst\u00e8mes qui maintiennent la soci\u00e9t\u00e9 en mouvement.<\/span>\n\t\t\t\t\t\t\t\t\t<\/li>\n\t\t\t\t\t\t<\/ul>\n\t\t\t\t\t\t<\/div>\n\t\t\t\t<div class=\"elementor-element elementor-element-68db5478 elementor-widget elementor-widget-text-editor\" data-id=\"68db5478\" data-element_type=\"widget\" data-widget_type=\"text-editor.default\">\n\t\t\t\t\t\t\t\t\t<p>Avec notre soutien, de transport et de transit, les organisations peuvent\u00a0<strong>naviguer aujourd&#039;hui, les cyber-menaces, avec la confiance<\/strong>, en gardant leurs op\u00e9rations s\u00e9curis\u00e9es, fiables et r\u00e9sistants.<\/p>\t\t\t\t\t\t\t\t<\/div>\n\t\t\t\t\t<\/div>\n\t\t<\/div>\n\t\t\t\t\t<\/div>\n\t\t<\/section>\n\t\t\t\t<section class=\"elementor-section elementor-top-section elementor-element elementor-element-3057decb elementor-section-boxed elementor-section-height-default elementor-section-height-default\" data-id=\"3057decb\" data-element_type=\"section\">\n\t\t\t\t\t\t<div class=\"elementor-container elementor-column-gap-default\">\n\t\t\t\t\t<div class=\"elementor-column elementor-col-50 elementor-top-column elementor-element elementor-element-4c0a1104\" data-id=\"4c0a1104\" data-element_type=\"column\" data-settings=\"{&quot;background_background&quot;:&quot;classic&quot;}\">\n\t\t\t<div class=\"elementor-widget-wrap elementor-element-populated\">\n\t\t\t\t\t\t<div class=\"elementor-element elementor-element-2a925e5e elementor-widget elementor-widget-spacer\" data-id=\"2a925e5e\" data-element_type=\"widget\" data-widget_type=\"spacer.default\">\n\t\t\t\t\t\t\t<div class=\"elementor-spacer\">\n\t\t\t<div class=\"elementor-spacer-inner\"><\/div>\n\t\t<\/div>\n\t\t\t\t\t\t<\/div>\n\t\t\t\t\t<\/div>\n\t\t<\/div>\n\t\t\t\t<div class=\"elementor-column elementor-col-50 elementor-top-column elementor-element elementor-element-1cff0077\" data-id=\"1cff0077\" data-element_type=\"column\">\n\t\t\t<div class=\"elementor-widget-wrap elementor-element-populated\">\n\t\t\t\t\t\t<div class=\"elementor-element elementor-element-7e85fecd elementor-widget elementor-widget-heading\" data-id=\"7e85fecd\" data-element_type=\"widget\" data-widget_type=\"heading.default\">\n\t\t\t\t\t<h3 class=\"elementor-heading-title elementor-size-default\">Votre s\u00e9curit\u00e9 est\nnotre mission.<\/h3>\t\t\t\t<\/div>\n\t\t\t\t<div class=\"elementor-element elementor-element-7a8e0d7e elementor-widget elementor-widget-text-editor\" data-id=\"7a8e0d7e\" data-element_type=\"widget\" data-widget_type=\"text-editor.default\">\n\t\t\t\t\t\t\t\t\t<p>Caph Technologies de l&#039;offre innovante de services de cybers\u00e9curit\u00e9 afin de prot\u00e9ger vos donn\u00e9es, de syst\u00e8mes et de r\u00e9putation.<br \/>Avec nous, vous pouvez vous concentrer sur la croissance, tandis que nous nous occupons de menaces.<\/p><p>Rester En S\u00e9curit\u00e9. S\u00e9jour R\u00e9silient.<\/p>\t\t\t\t\t\t\t\t<\/div>\n\t\t\t\t\t<\/div>\n\t\t<\/div>\n\t\t\t\t\t<\/div>\n\t\t<\/section>\n\t\t\t\t<section class=\"elementor-section elementor-top-section elementor-element elementor-element-6128f25f elementor-section-boxed elementor-section-height-default elementor-section-height-default\" data-id=\"6128f25f\" data-element_type=\"section\" data-settings=\"{&quot;background_background&quot;:&quot;gradient&quot;}\">\n\t\t\t\t\t\t\t<div class=\"elementor-background-overlay\"><\/div>\n\t\t\t\t\t\t\t<div class=\"elementor-container elementor-column-gap-no\">\n\t\t\t\t\t<div class=\"elementor-column elementor-col-100 elementor-top-column elementor-element elementor-element-1fd1a6eb\" data-id=\"1fd1a6eb\" data-element_type=\"column\">\n\t\t\t<div class=\"elementor-widget-wrap elementor-element-populated\">\n\t\t\t\t\t\t<div class=\"elementor-element elementor-element-d081f53 elementor-widget elementor-widget-spacer\" data-id=\"d081f53\" data-element_type=\"widget\" data-widget_type=\"spacer.default\">\n\t\t\t\t\t\t\t<div class=\"elementor-spacer\">\n\t\t\t<div class=\"elementor-spacer-inner\"><\/div>\n\t\t<\/div>\n\t\t\t\t\t\t<\/div>\n\t\t\t\t<div class=\"elementor-element elementor-element-650def2e elementor-widget elementor-widget-heading\" data-id=\"650def2e\" data-element_type=\"widget\" data-widget_type=\"heading.default\">\n\t\t\t\t\t<h2 class=\"elementor-heading-title elementor-size-default\">Contactez nous<\/h2>\t\t\t\t<\/div>\n\t\t\t\t<div class=\"elementor-element elementor-element-6e2e9cbc elementor-widget elementor-widget-text-editor\" data-id=\"6e2e9cbc\" data-element_type=\"widget\" data-widget_type=\"text-editor.default\">\n\t\t\t\t\t\t\t\t\t<p>Au Caph Technologies, nous pensons que la forte la s\u00e9curit\u00e9 commence avec de solides partenariats. Si vous avez besoin de conseils, une \u00e9valuation de la s\u00e9curit\u00e9, ou une aide imm\u00e9diate, nos experts sont l\u00e0 pour vous aider.<\/p>\t\t\t\t\t\t\t\t<\/div>\n\t\t\t\t<div class=\"vamtam-has-theme-widget-styles elementor-element elementor-element-293d6952 elementor-align-justify elementor-widget elementor-widget-button\" data-id=\"293d6952\" data-element_type=\"widget\" data-widget_type=\"button.default\">\n\t\t\t\t\t\t\t\t\t\t<a class=\"elementor-button elementor-button-link elementor-size-sm\" href=\"https:\/\/caphtech.com\/fr\/contact-us\/\">\n\t\t\t\t\t\t<span class=\"elementor-button-content-wrapper\">\n\t\t\t\t\t\t\t\t\t<span class=\"elementor-button-text\">Contactez-Nous<\/span>\n\t\t\t\t\t<\/span>\n\t\t\t\t\t<\/a>\n\t\t\t\t\t\t\t\t<\/div>\n\t\t\t\t<div class=\"elementor-element elementor-element-7500c872 elementor-widget elementor-widget-spacer\" data-id=\"7500c872\" data-element_type=\"widget\" data-widget_type=\"spacer.default\">\n\t\t\t\t\t\t\t<div class=\"elementor-spacer\">\n\t\t\t<div class=\"elementor-spacer-inner\"><\/div>\n\t\t<\/div>\n\t\t\t\t\t\t<\/div>\n\t\t\t\t\t<\/div>\n\t\t<\/div>\n\t\t\t\t\t<\/div>\n\t\t<\/section>\n\t\t\t\t<\/div>","protected":false},"excerpt":{"rendered":"<p>Services Transportation Industry Cybersecurity for Transportation Industry Contact us Securing the Systems That Move People and Goods Modern transportation and transit systems are increasingly connected \u2014 integrating operational technology (OT), information technology (IT), IoT devices, and cloud platforms to deliver safe, efficient, and reliable services. But this connectivity also expands the attack surface, making rail&#8230;<\/p>","protected":false},"author":1,"featured_media":0,"parent":0,"menu_order":0,"comment_status":"closed","ping_status":"closed","template":"elementor_header_footer","meta":{"footnotes":""},"class_list":["post-21232","page","type-page","status-publish","hentry"],"_links":{"self":[{"href":"https:\/\/caphtech.com\/fr\/wp-json\/wp\/v2\/pages\/21232","targetHints":{"allow":["GET"]}}],"collection":[{"href":"https:\/\/caphtech.com\/fr\/wp-json\/wp\/v2\/pages"}],"about":[{"href":"https:\/\/caphtech.com\/fr\/wp-json\/wp\/v2\/types\/page"}],"author":[{"embeddable":true,"href":"https:\/\/caphtech.com\/fr\/wp-json\/wp\/v2\/users\/1"}],"replies":[{"embeddable":true,"href":"https:\/\/caphtech.com\/fr\/wp-json\/wp\/v2\/comments?post=21232"}],"version-history":[{"count":25,"href":"https:\/\/caphtech.com\/fr\/wp-json\/wp\/v2\/pages\/21232\/revisions"}],"predecessor-version":[{"id":23702,"href":"https:\/\/caphtech.com\/fr\/wp-json\/wp\/v2\/pages\/21232\/revisions\/23702"}],"wp:attachment":[{"href":"https:\/\/caphtech.com\/fr\/wp-json\/wp\/v2\/media?parent=21232"}],"curies":[{"name":"wp","href":"https:\/\/api.w.org\/{rel}","templated":true}]}}