{"id":21248,"date":"2025-09-16T00:01:14","date_gmt":"2025-09-16T00:01:14","guid":{"rendered":"https:\/\/caphtech.com\/?page_id=21248"},"modified":"2025-10-01T12:31:08","modified_gmt":"2025-10-01T12:31:08","slug":"government-industry","status":"publish","type":"page","link":"https:\/\/caphtech.com\/fr\/government-industry\/","title":{"rendered":"Le Gouvernement De L&#039;Industrie"},"content":{"rendered":"<div data-elementor-type=\"wp-page\" data-elementor-id=\"21248\" class=\"elementor elementor-21248\" data-elementor-post-type=\"page\">\n\t\t\t\t\t\t<section class=\"elementor-section elementor-top-section elementor-element elementor-element-b52987b elementor-section-boxed elementor-section-height-default elementor-section-height-default\" data-id=\"b52987b\" data-element_type=\"section\" data-settings=\"{&quot;background_background&quot;:&quot;classic&quot;}\">\n\t\t\t\t\t\t<div class=\"elementor-container elementor-column-gap-default\">\n\t\t\t\t\t<div class=\"elementor-column elementor-col-100 elementor-top-column elementor-element elementor-element-4dd2c26b\" data-id=\"4dd2c26b\" data-element_type=\"column\" data-settings=\"{&quot;background_background&quot;:&quot;classic&quot;,&quot;background_motion_fx_motion_fx_scrolling&quot;:&quot;yes&quot;,&quot;background_motion_fx_translateX_effect&quot;:&quot;yes&quot;,&quot;background_motion_fx_translateX_speed&quot;:{&quot;unit&quot;:&quot;px&quot;,&quot;size&quot;:3,&quot;sizes&quot;:[]},&quot;background_motion_fx_devices&quot;:[&quot;desktop&quot;],&quot;background_motion_fx_translateX_affectedRange&quot;:{&quot;unit&quot;:&quot;%&quot;,&quot;size&quot;:&quot;&quot;,&quot;sizes&quot;:{&quot;start&quot;:0,&quot;end&quot;:100}}}\">\n\t\t\t<div class=\"elementor-widget-wrap elementor-element-populated\">\n\t\t\t\t\t\t<div class=\"elementor-element elementor-element-704eb1de elementor-widget__width-auto elementor-widget elementor-widget-heading\" data-id=\"704eb1de\" data-element_type=\"widget\" data-widget_type=\"heading.default\">\n\t\t\t\t\t<span class=\"elementor-heading-title elementor-size-default\">Services<\/span>\t\t\t\t<\/div>\n\t\t\t\t<div class=\"elementor-element elementor-element-30d11034 elementor-widget elementor-widget-heading\" data-id=\"30d11034\" data-element_type=\"widget\" data-widget_type=\"heading.default\">\n\t\t\t\t\t<h2 class=\"elementor-heading-title elementor-size-default\">Le Gouvernement De L&#039;Industrie<\/h2>\t\t\t\t<\/div>\n\t\t\t\t<div class=\"elementor-element elementor-element-6b56cf51 elementor-widget elementor-widget-text-editor\" data-id=\"6b56cf51\" data-element_type=\"widget\" data-widget_type=\"text-editor.default\">\n\t\t\t\t\t\t\t\t\t<p><strong>La cybers\u00e9curit\u00e9 pour les Entit\u00e9s du Gouvernement Mondial<\/strong><\/p>\t\t\t\t\t\t\t\t<\/div>\n\t\t\t\t<div class=\"vamtam-has-theme-widget-styles elementor-element elementor-element-daf499c elementor-widget__width-auto elementor-widget-mobile__width-inherit elementor-widget-tablet__width-auto elementor-mobile-align-justify elementor-invisible elementor-widget elementor-widget-button\" data-id=\"daf499c\" data-element_type=\"widget\" data-settings=\"{&quot;_animation&quot;:&quot;fadeIn&quot;,&quot;_animation_tablet&quot;:&quot;none&quot;,&quot;_animation_delay&quot;:400}\" data-widget_type=\"button.default\">\n\t\t\t\t\t\t\t\t\t\t<a class=\"elementor-button elementor-button-link elementor-size-sm\" href=\"https:\/\/caphtech.com\/fr\/contact-us\/\">\n\t\t\t\t\t\t<span class=\"elementor-button-content-wrapper\">\n\t\t\t\t\t\t\t\t\t<span class=\"elementor-button-text\">Contactez-Nous<\/span>\n\t\t\t\t\t<\/span>\n\t\t\t\t\t<\/a>\n\t\t\t\t\t\t\t\t<\/div>\n\t\t\t\t\t<\/div>\n\t\t<\/div>\n\t\t\t\t\t<\/div>\n\t\t<\/section>\n\t\t\t\t<section class=\"elementor-section elementor-top-section elementor-element elementor-element-465aa27b elementor-section-boxed elementor-section-height-default elementor-section-height-default\" data-id=\"465aa27b\" data-element_type=\"section\">\n\t\t\t\t\t\t<div class=\"elementor-container elementor-column-gap-no\">\n\t\t\t\t\t<div class=\"elementor-column elementor-col-100 elementor-top-column elementor-element elementor-element-53979e8e\" data-id=\"53979e8e\" data-element_type=\"column\" data-settings=\"{&quot;background_background&quot;:&quot;slideshow&quot;,&quot;background_slideshow_gallery&quot;:[],&quot;background_slideshow_loop&quot;:&quot;yes&quot;,&quot;background_slideshow_slide_duration&quot;:5000,&quot;background_slideshow_slide_transition&quot;:&quot;fade&quot;,&quot;background_slideshow_transition_duration&quot;:500}\">\n\t\t\t<div class=\"elementor-widget-wrap elementor-element-populated\">\n\t\t\t\t\t\t<div class=\"elementor-element elementor-element-47ca27b elementor-widget elementor-widget-image\" data-id=\"47ca27b\" data-element_type=\"widget\" data-widget_type=\"image.default\">\n\t\t\t\t\t\t\t\t\t\t\t\t\t\t\t<img fetchpriority=\"high\" decoding=\"async\" width=\"800\" height=\"560\" src=\"https:\/\/caphtech.com\/wp-content\/uploads\/2025\/09\/9-2.jpg\" class=\"attachment-large size-large wp-image-23321\" alt=\"\" srcset=\"https:\/\/caphtech.com\/wp-content\/uploads\/2025\/09\/9-2.jpg 800w, https:\/\/caphtech.com\/wp-content\/uploads\/2025\/09\/9-2-300x210.jpg 300w, https:\/\/caphtech.com\/wp-content\/uploads\/2025\/09\/9-2-768x538.jpg 768w\" sizes=\"(max-width: 800px) 100vw, 800px\" \/>\t\t\t\t\t\t\t\t\t\t\t\t\t\t\t<\/div>\n\t\t\t\t\t<\/div>\n\t\t<\/div>\n\t\t\t\t\t<\/div>\n\t\t<\/section>\n\t\t\t\t<section class=\"elementor-section elementor-top-section elementor-element elementor-element-61494a1c elementor-section-boxed elementor-section-height-default elementor-section-height-default\" data-id=\"61494a1c\" data-element_type=\"section\">\n\t\t\t\t\t\t<div class=\"elementor-container elementor-column-gap-no\">\n\t\t\t\t\t<div class=\"elementor-column elementor-col-100 elementor-top-column elementor-element elementor-element-2e1b748f\" data-id=\"2e1b748f\" data-element_type=\"column\">\n\t\t\t<div class=\"elementor-widget-wrap elementor-element-populated\">\n\t\t\t\t\t\t<div class=\"elementor-element elementor-element-2247cb62 elementor-widget__width-initial elementor-widget elementor-widget-text-editor\" data-id=\"2247cb62\" data-element_type=\"widget\" data-widget_type=\"text-editor.default\">\n\t\t\t\t\t\t\t\t\t<p><strong>Le Renforcement De La R\u00e9silience Nationale Contre L&#039;\u00c9volution Des Cyber-Menaces<\/strong><\/p><p>Les gouvernements sont confront\u00e9s unique de la cybers\u00e9curit\u00e9 d\u00e9fis de\u00a0<strong>l&#039;\u00e9tat-nation adversaires<\/strong>\u00a0et\u00a0<strong>sophistiqu\u00e9 groupes criminels<\/strong>\u00a0\u00e0 l&#039;augmentation des risques pos\u00e9s par la transformation num\u00e9rique, \u00e0 travers des services publics et des infrastructures critiques. Une seule infraction peut perturber les services essentiels, de compromettre la s\u00e9curit\u00e9 nationale, et d&#039;affaiblir la confiance du public.<\/p><p>Notre cybers\u00e9curit\u00e9 consulting services, les entit\u00e9s gouvernementales\u00a0<strong>la construction de la r\u00e9silience, de prot\u00e9ger les donn\u00e9es sensibles, et de s\u00e9curiser les syst\u00e8mes critiques<\/strong>\u00a0lors de la navigation de g\u00e9opolitique complexe et des environnements r\u00e9glementaires. Nous livrons des strat\u00e9gies adapt\u00e9es \u00e0 ce que l&#039;\u00e9quilibre\u00a0<strong>la s\u00e9curit\u00e9, la souverainet\u00e9 et de la modernisation<\/strong>.<\/p>\t\t\t\t\t\t\t\t<\/div>\n\t\t\t\t\t<\/div>\n\t\t<\/div>\n\t\t\t\t\t<\/div>\n\t\t<\/section>\n\t\t\t\t<section class=\"elementor-section elementor-top-section elementor-element elementor-element-358c604f elementor-section-boxed elementor-section-height-default elementor-section-height-default\" data-id=\"358c604f\" data-element_type=\"section\">\n\t\t\t\t\t\t<div class=\"elementor-container elementor-column-gap-default\">\n\t\t\t\t\t<div class=\"elementor-column elementor-col-50 elementor-top-column elementor-element elementor-element-163f5ffa\" data-id=\"163f5ffa\" data-element_type=\"column\">\n\t\t\t<div class=\"elementor-widget-wrap elementor-element-populated\">\n\t\t\t\t\t\t<section class=\"elementor-section elementor-inner-section elementor-element elementor-element-a40ce80 elementor-section-height-full elementor-section-content-middle elementor-section-boxed elementor-section-height-default\" data-id=\"a40ce80\" data-element_type=\"section\" data-settings=\"{&quot;sticky&quot;:&quot;top&quot;,&quot;sticky_on&quot;:[&quot;desktop&quot;,&quot;tablet&quot;],&quot;sticky_parent&quot;:&quot;yes&quot;,&quot;sticky_offset&quot;:0,&quot;sticky_effects_offset&quot;:0,&quot;sticky_anchor_link_offset&quot;:0}\">\n\t\t\t\t\t\t<div class=\"elementor-container elementor-column-gap-no\">\n\t\t\t\t\t<div class=\"elementor-column elementor-col-100 elementor-inner-column elementor-element elementor-element-1419b9d2\" data-id=\"1419b9d2\" data-element_type=\"column\">\n\t\t\t<div class=\"elementor-widget-wrap elementor-element-populated\">\n\t\t\t\t\t\t<div class=\"elementor-element elementor-element-501ba778 elementor-widget elementor-widget-image\" data-id=\"501ba778\" data-element_type=\"widget\" data-settings=\"{&quot;motion_fx_motion_fx_scrolling&quot;:&quot;yes&quot;,&quot;motion_fx_translateY_effect&quot;:&quot;yes&quot;,&quot;motion_fx_translateY_speed&quot;:{&quot;unit&quot;:&quot;px&quot;,&quot;size&quot;:2,&quot;sizes&quot;:[]},&quot;motion_fx_devices&quot;:[&quot;desktop&quot;,&quot;tablet&quot;],&quot;motion_fx_translateY_affectedRange&quot;:{&quot;unit&quot;:&quot;%&quot;,&quot;size&quot;:&quot;&quot;,&quot;sizes&quot;:{&quot;start&quot;:0,&quot;end&quot;:100}}}\" data-widget_type=\"image.default\">\n\t\t\t\t\t\t\t\t\t\t\t\t\t\t\t<img decoding=\"async\" width=\"294\" height=\"291\" src=\"https:\/\/caphtech.com\/wp-content\/uploads\/2025\/09\/Shape-dots-arrow-right.svg\" class=\"attachment-full size-full wp-image-23376\" alt=\"\" \/>\t\t\t\t\t\t\t\t\t\t\t\t\t\t\t<\/div>\n\t\t\t\t<div class=\"elementor-element elementor-element-78e44473 elementor-widget__width-initial elementor-widget elementor-widget-heading\" data-id=\"78e44473\" data-element_type=\"widget\" data-widget_type=\"heading.default\">\n\t\t\t\t\t<h2 class=\"elementor-heading-title elementor-size-default\">Nos Services Comprennent:<\/h2>\t\t\t\t<\/div>\n\t\t\t\t\t<\/div>\n\t\t<\/div>\n\t\t\t\t\t<\/div>\n\t\t<\/section>\n\t\t\t\t\t<\/div>\n\t\t<\/div>\n\t\t\t\t<div class=\"elementor-column elementor-col-50 elementor-top-column elementor-element elementor-element-7ca6434c\" data-id=\"7ca6434c\" data-element_type=\"column\" data-settings=\"{&quot;background_background&quot;:&quot;classic&quot;}\">\n\t\t\t<div class=\"elementor-widget-wrap elementor-element-populated\">\n\t\t\t\t\t\t<div class=\"elementor-element elementor-element-34f77097 elementor-widget elementor-widget-text-editor\" data-id=\"34f77097\" data-element_type=\"widget\" data-widget_type=\"text-editor.default\">\n\t\t\t\t\t\t\t\t\t<ul><li><strong>Au niveau National cyber \u00e9valuations des risques<\/strong>\u00a0pour identifier les vuln\u00e9rabilit\u00e9s dans les syst\u00e8mes de gouvernement (F\u00e9d\u00e9ral, ainsi que des Locaux et de l&#039;\u00c9tat).<\/li><\/ul>\t\t\t\t\t\t\t\t<\/div>\n\t\t\t\t<div class=\"elementor-element elementor-element-c34828c elementor-widget-divider--view-line elementor-widget elementor-widget-divider\" data-id=\"c34828c\" data-element_type=\"widget\" data-widget_type=\"divider.default\">\n\t\t\t\t\t\t\t<div class=\"elementor-divider\">\n\t\t\t<span class=\"elementor-divider-separator\">\n\t\t\t\t\t\t<\/span>\n\t\t<\/div>\n\t\t\t\t\t\t<\/div>\n\t\t\t\t<div class=\"elementor-element elementor-element-1cbfe41b elementor-widget elementor-widget-text-editor\" data-id=\"1cbfe41b\" data-element_type=\"widget\" data-widget_type=\"text-editor.default\">\n\t\t\t\t\t\t\t\t\t<ul><li><strong>La protection des infrastructures critiques<\/strong>\u00a0pour l&#039;\u00e9nergie, le transport, la sant\u00e9, et de la d\u00e9fense des secteurs.<\/li><\/ul>\t\t\t\t\t\t\t\t<\/div>\n\t\t\t\t<div class=\"elementor-element elementor-element-1d67bb15 elementor-widget-divider--view-line elementor-widget elementor-widget-divider\" data-id=\"1d67bb15\" data-element_type=\"widget\" data-widget_type=\"divider.default\">\n\t\t\t\t\t\t\t<div class=\"elementor-divider\">\n\t\t\t<span class=\"elementor-divider-separator\">\n\t\t\t\t\t\t<\/span>\n\t\t<\/div>\n\t\t\t\t\t\t<\/div>\n\t\t\t\t<div class=\"elementor-element elementor-element-2b70f0e2 elementor-widget elementor-widget-text-editor\" data-id=\"2b70f0e2\" data-element_type=\"widget\" data-widget_type=\"text-editor.default\">\n\t\t\t\t\t\t\t\t\t<ul><li><strong>La r\u00e9ponse \u00e0 l&#039;Incident et gestion de crises<\/strong>\u00a0pour rapide de confinement et de r\u00e9cup\u00e9ration.<\/li><\/ul>\t\t\t\t\t\t\t\t<\/div>\n\t\t\t\t<div class=\"elementor-element elementor-element-50827477 elementor-widget-divider--view-line elementor-widget elementor-widget-divider\" data-id=\"50827477\" data-element_type=\"widget\" data-widget_type=\"divider.default\">\n\t\t\t\t\t\t\t<div class=\"elementor-divider\">\n\t\t\t<span class=\"elementor-divider-separator\">\n\t\t\t\t\t\t<\/span>\n\t\t<\/div>\n\t\t\t\t\t\t<\/div>\n\t\t\t\t<div class=\"elementor-element elementor-element-41679e5a elementor-widget elementor-widget-text-editor\" data-id=\"41679e5a\" data-element_type=\"widget\" data-widget_type=\"text-editor.default\">\n\t\t\t\t\t\t\t\t\t<ul><li><strong>Renforcement des capacit\u00e9s et de la formation<\/strong>\u00a0\u00e0 renforcer des capacit\u00e9s cybern\u00e9tiques.<\/li><\/ul>\t\t\t\t\t\t\t\t<\/div>\n\t\t\t\t<div class=\"elementor-element elementor-element-6e1022e6 elementor-widget-divider--view-line elementor-widget elementor-widget-divider\" data-id=\"6e1022e6\" data-element_type=\"widget\" data-widget_type=\"divider.default\">\n\t\t\t\t\t\t\t<div class=\"elementor-divider\">\n\t\t\t<span class=\"elementor-divider-separator\">\n\t\t\t\t\t\t<\/span>\n\t\t<\/div>\n\t\t\t\t\t\t<\/div>\n\t\t\t\t<div class=\"elementor-element elementor-element-6fed69f1 elementor-widget elementor-widget-text-editor\" data-id=\"6fed69f1\" data-element_type=\"widget\" data-widget_type=\"text-editor.default\">\n\t\t\t\t\t\t\t\t\t<ul><li><strong>La menace d&#039;intelligence et de surveillance<\/strong>\u00a0pour rester \u00e0 l&#039;avant-mondial adversaires.<\/li><\/ul>\t\t\t\t\t\t\t\t<\/div>\n\t\t\t\t<div class=\"elementor-element elementor-element-3c44ac49 elementor-widget-divider--view-line elementor-widget elementor-widget-divider\" data-id=\"3c44ac49\" data-element_type=\"widget\" data-widget_type=\"divider.default\">\n\t\t\t\t\t\t\t<div class=\"elementor-divider\">\n\t\t\t<span class=\"elementor-divider-separator\">\n\t\t\t\t\t\t<\/span>\n\t\t<\/div>\n\t\t\t\t\t\t<\/div>\n\t\t\t\t<div class=\"elementor-element elementor-element-2facfa29 elementor-widget elementor-widget-text-editor\" data-id=\"2facfa29\" data-element_type=\"widget\" data-widget_type=\"text-editor.default\">\n\t\t\t\t\t\t\t\t\t<ul><li><strong>L&#039;harmonisation de la r\u00e9glementation et de la consultation<\/strong>\u00a0pour assurer la conformit\u00e9 avec les normes internationales (ISO, NIST, GDPR, etc.).<\/li><\/ul>\t\t\t\t\t\t\t\t<\/div>\n\t\t\t\t\t<\/div>\n\t\t<\/div>\n\t\t\t\t\t<\/div>\n\t\t<\/section>\n\t\t\t\t<section class=\"elementor-section elementor-top-section elementor-element elementor-element-bb428 elementor-section-boxed elementor-section-height-default elementor-section-height-default\" data-id=\"bb428\" data-element_type=\"section\">\n\t\t\t\t\t\t<div class=\"elementor-container elementor-column-gap-default\">\n\t\t\t\t\t<div class=\"elementor-column elementor-col-100 elementor-top-column elementor-element elementor-element-30eca327\" data-id=\"30eca327\" data-element_type=\"column\" data-settings=\"{&quot;background_background&quot;:&quot;classic&quot;,&quot;background_motion_fx_motion_fx_scrolling&quot;:&quot;yes&quot;,&quot;background_motion_fx_translateX_effect&quot;:&quot;yes&quot;,&quot;background_motion_fx_translateX_speed&quot;:{&quot;unit&quot;:&quot;px&quot;,&quot;size&quot;:3,&quot;sizes&quot;:[]},&quot;background_motion_fx_devices&quot;:[&quot;desktop&quot;],&quot;background_motion_fx_translateX_affectedRange&quot;:{&quot;unit&quot;:&quot;%&quot;,&quot;size&quot;:&quot;&quot;,&quot;sizes&quot;:{&quot;start&quot;:0,&quot;end&quot;:100}}}\">\n\t\t\t<div class=\"elementor-widget-wrap elementor-element-populated\">\n\t\t\t\t\t\t<div class=\"elementor-element elementor-element-3edbced8 elementor-widget elementor-widget-heading\" data-id=\"3edbced8\" data-element_type=\"widget\" data-widget_type=\"heading.default\">\n\t\t\t\t\t<h2 class=\"elementor-heading-title elementor-size-default\">Pourquoi C&#039;Est Important<\/h2>\t\t\t\t<\/div>\n\t\t\t\t<div class=\"elementor-element elementor-element-573f4bd0 elementor-widget__width-inherit elementor-widget-mobile__width-inherit elementor-icon-list--layout-traditional elementor-list-item-link-full_width elementor-widget elementor-widget-icon-list\" data-id=\"573f4bd0\" data-element_type=\"widget\" data-widget_type=\"icon-list.default\">\n\t\t\t\t\t\t\t<ul class=\"elementor-icon-list-items\">\n\t\t\t\t\t\t\t<li class=\"elementor-icon-list-item\">\n\t\t\t\t\t\t\t\t\t\t\t<span class=\"elementor-icon-list-icon\">\n\t\t\t\t\t\t\t<i aria-hidden=\"true\" class=\"vamtamtheme- vamtam-theme-check-box\"><\/i>\t\t\t\t\t\t<\/span>\n\t\t\t\t\t\t\t\t\t\t<span class=\"elementor-icon-list-text\">Prot\u00e9ger la Souverainet\u00e9 de se d\u00e9fendre contre l&#039;\u00e9tat-nation et de la g\u00e9opolitique, les cyber-menaces.<\/span>\n\t\t\t\t\t\t\t\t\t<\/li>\n\t\t\t\t\t\t\t\t<li class=\"elementor-icon-list-item\">\n\t\t\t\t\t\t\t\t\t\t\t<span class=\"elementor-icon-list-icon\">\n\t\t\t\t\t\t\t<i aria-hidden=\"true\" class=\"vamtamtheme- vamtam-theme-check-box\"><\/i>\t\t\t\t\t\t<\/span>\n\t\t\t\t\t\t\t\t\t\t<span class=\"elementor-icon-list-text\">Sauvegarder la S\u00e9curit\u00e9 Nationale \u2014 s\u00e9curiser les syst\u00e8mes sensibles et des informations classifi\u00e9es.<\/span>\n\t\t\t\t\t\t\t\t\t<\/li>\n\t\t\t\t\t\t\t\t<li class=\"elementor-icon-list-item\">\n\t\t\t\t\t\t\t\t\t\t\t<span class=\"elementor-icon-list-icon\">\n\t\t\t\t\t\t\t<i aria-hidden=\"true\" class=\"vamtamtheme- vamtam-theme-check-box\"><\/i>\t\t\t\t\t\t<\/span>\n\t\t\t\t\t\t\t\t\t\t<span class=\"elementor-icon-list-text\">Assurer la Continuit\u00e9 de Service, \u2014 de pr\u00e9venir les troubles \u00e0 l&#039;essentiel des services publics.<\/span>\n\t\t\t\t\t\t\t\t\t<\/li>\n\t\t\t\t\t\t\t\t<li class=\"elementor-icon-list-item\">\n\t\t\t\t\t\t\t\t\t\t\t<span class=\"elementor-icon-list-icon\">\n\t\t\t\t\t\t\t<i aria-hidden=\"true\" class=\"vamtamtheme- vamtam-theme-check-box\"><\/i>\t\t\t\t\t\t<\/span>\n\t\t\t\t\t\t\t\t\t\t<span class=\"elementor-icon-list-text\">Renforcer la Confiance du Public \u2014 d\u00e9montrer cyber de la maturit\u00e9 et de la r\u00e9silience.<\/span>\n\t\t\t\t\t\t\t\t\t<\/li>\n\t\t\t\t\t\t<\/ul>\n\t\t\t\t\t\t<\/div>\n\t\t\t\t<div class=\"elementor-element elementor-element-16b2dc42 elementor-widget elementor-widget-text-editor\" data-id=\"16b2dc42\" data-element_type=\"widget\" data-widget_type=\"text-editor.default\">\n\t\t\t\t\t\t\t\t\t<p>Avec notre soutien, d&#039;un gouvernement \u00e9tranger entit\u00e9s peuvent\u00a0<strong>am\u00e9liorer leurs national de cyber-d\u00e9fense de la posture, de prot\u00e9ger les actifs, et de favoriser la confiance internationale et la coop\u00e9ration dans un monde num\u00e9rique de plus en plus<\/strong>.<\/p>\t\t\t\t\t\t\t\t<\/div>\n\t\t\t\t\t<\/div>\n\t\t<\/div>\n\t\t\t\t\t<\/div>\n\t\t<\/section>\n\t\t\t\t<section class=\"elementor-section elementor-top-section elementor-element elementor-element-5e57575d elementor-section-boxed elementor-section-height-default elementor-section-height-default\" data-id=\"5e57575d\" data-element_type=\"section\">\n\t\t\t\t\t\t<div class=\"elementor-container elementor-column-gap-default\">\n\t\t\t\t\t<div class=\"elementor-column elementor-col-50 elementor-top-column elementor-element elementor-element-dee5919\" data-id=\"dee5919\" data-element_type=\"column\" data-settings=\"{&quot;background_background&quot;:&quot;classic&quot;}\">\n\t\t\t<div class=\"elementor-widget-wrap elementor-element-populated\">\n\t\t\t\t\t\t<div class=\"elementor-element elementor-element-7ff2fce1 elementor-widget elementor-widget-spacer\" data-id=\"7ff2fce1\" data-element_type=\"widget\" data-widget_type=\"spacer.default\">\n\t\t\t\t\t\t\t<div class=\"elementor-spacer\">\n\t\t\t<div class=\"elementor-spacer-inner\"><\/div>\n\t\t<\/div>\n\t\t\t\t\t\t<\/div>\n\t\t\t\t\t<\/div>\n\t\t<\/div>\n\t\t\t\t<div class=\"elementor-column elementor-col-50 elementor-top-column elementor-element elementor-element-bfbb7bd\" data-id=\"bfbb7bd\" data-element_type=\"column\">\n\t\t\t<div class=\"elementor-widget-wrap elementor-element-populated\">\n\t\t\t\t\t\t<div class=\"elementor-element elementor-element-608eaedc elementor-widget elementor-widget-heading\" data-id=\"608eaedc\" data-element_type=\"widget\" data-widget_type=\"heading.default\">\n\t\t\t\t\t<h3 class=\"elementor-heading-title elementor-size-default\">Votre s\u00e9curit\u00e9 est\nnotre mission.<\/h3>\t\t\t\t<\/div>\n\t\t\t\t<div class=\"elementor-element elementor-element-684ba8cc elementor-widget elementor-widget-text-editor\" data-id=\"684ba8cc\" data-element_type=\"widget\" data-widget_type=\"text-editor.default\">\n\t\t\t\t\t\t\t\t\t<p>Caph Technologies de l&#039;offre innovante de services de cybers\u00e9curit\u00e9 afin de prot\u00e9ger vos donn\u00e9es, de syst\u00e8mes et de r\u00e9putation.<br \/>Avec nous, vous pouvez vous concentrer sur la croissance, tandis que nous nous occupons de menaces.<\/p><p>Rester En S\u00e9curit\u00e9. S\u00e9jour R\u00e9silient.<\/p>\t\t\t\t\t\t\t\t<\/div>\n\t\t\t\t\t<\/div>\n\t\t<\/div>\n\t\t\t\t\t<\/div>\n\t\t<\/section>\n\t\t\t\t<section class=\"elementor-section elementor-top-section elementor-element elementor-element-7164e3b0 elementor-section-boxed elementor-section-height-default elementor-section-height-default\" data-id=\"7164e3b0\" data-element_type=\"section\" data-settings=\"{&quot;background_background&quot;:&quot;gradient&quot;}\">\n\t\t\t\t\t\t\t<div class=\"elementor-background-overlay\"><\/div>\n\t\t\t\t\t\t\t<div class=\"elementor-container elementor-column-gap-no\">\n\t\t\t\t\t<div class=\"elementor-column elementor-col-100 elementor-top-column elementor-element elementor-element-ff6800f\" data-id=\"ff6800f\" data-element_type=\"column\">\n\t\t\t<div class=\"elementor-widget-wrap elementor-element-populated\">\n\t\t\t\t\t\t<div class=\"elementor-element elementor-element-61c75c4a elementor-widget elementor-widget-spacer\" data-id=\"61c75c4a\" data-element_type=\"widget\" data-widget_type=\"spacer.default\">\n\t\t\t\t\t\t\t<div class=\"elementor-spacer\">\n\t\t\t<div class=\"elementor-spacer-inner\"><\/div>\n\t\t<\/div>\n\t\t\t\t\t\t<\/div>\n\t\t\t\t<div class=\"elementor-element elementor-element-7e1d99fc elementor-widget elementor-widget-heading\" data-id=\"7e1d99fc\" data-element_type=\"widget\" data-widget_type=\"heading.default\">\n\t\t\t\t\t<h2 class=\"elementor-heading-title elementor-size-default\">Contactez nous<\/h2>\t\t\t\t<\/div>\n\t\t\t\t<div class=\"elementor-element elementor-element-66a65d6c elementor-widget elementor-widget-text-editor\" data-id=\"66a65d6c\" data-element_type=\"widget\" data-widget_type=\"text-editor.default\">\n\t\t\t\t\t\t\t\t\t<p>Au Caph Technologies, nous pensons que la forte la s\u00e9curit\u00e9 commence avec de solides partenariats. Si vous avez besoin de conseils, une \u00e9valuation de la s\u00e9curit\u00e9, ou une aide imm\u00e9diate, nos experts sont l\u00e0 pour vous aider.<\/p>\t\t\t\t\t\t\t\t<\/div>\n\t\t\t\t<div class=\"vamtam-has-theme-widget-styles elementor-element elementor-element-2d7027cc elementor-align-justify elementor-widget elementor-widget-button\" data-id=\"2d7027cc\" data-element_type=\"widget\" data-widget_type=\"button.default\">\n\t\t\t\t\t\t\t\t\t\t<a class=\"elementor-button elementor-button-link elementor-size-sm\" href=\"https:\/\/caphtech.com\/fr\/contact-us\/\">\n\t\t\t\t\t\t<span class=\"elementor-button-content-wrapper\">\n\t\t\t\t\t\t\t\t\t<span class=\"elementor-button-text\">Contactez-Nous<\/span>\n\t\t\t\t\t<\/span>\n\t\t\t\t\t<\/a>\n\t\t\t\t\t\t\t\t<\/div>\n\t\t\t\t<div class=\"elementor-element elementor-element-70744636 elementor-widget elementor-widget-spacer\" data-id=\"70744636\" data-element_type=\"widget\" data-widget_type=\"spacer.default\">\n\t\t\t\t\t\t\t<div class=\"elementor-spacer\">\n\t\t\t<div class=\"elementor-spacer-inner\"><\/div>\n\t\t<\/div>\n\t\t\t\t\t\t<\/div>\n\t\t\t\t\t<\/div>\n\t\t<\/div>\n\t\t\t\t\t<\/div>\n\t\t<\/section>\n\t\t\t\t<\/div>","protected":false},"excerpt":{"rendered":"<p>Services Government Industry Cybersecurity for Global\u00a0Government Entities Contact Us Strengthening National Resilience Against Evolving Cyber Threats Governments face unique cybersecurity challenges \u2014 from\u00a0nation-state adversaries\u00a0and\u00a0sophisticated criminal groups\u00a0to the growing risks posed by digital transformation across public services and critical infrastructure. A single breach can disrupt essential services, compromise national security, and weaken public trust. Our cybersecurity&#8230;<\/p>","protected":false},"author":1,"featured_media":0,"parent":0,"menu_order":0,"comment_status":"closed","ping_status":"closed","template":"elementor_header_footer","meta":{"footnotes":""},"class_list":["post-21248","page","type-page","status-publish","hentry"],"_links":{"self":[{"href":"https:\/\/caphtech.com\/fr\/wp-json\/wp\/v2\/pages\/21248","targetHints":{"allow":["GET"]}}],"collection":[{"href":"https:\/\/caphtech.com\/fr\/wp-json\/wp\/v2\/pages"}],"about":[{"href":"https:\/\/caphtech.com\/fr\/wp-json\/wp\/v2\/types\/page"}],"author":[{"embeddable":true,"href":"https:\/\/caphtech.com\/fr\/wp-json\/wp\/v2\/users\/1"}],"replies":[{"embeddable":true,"href":"https:\/\/caphtech.com\/fr\/wp-json\/wp\/v2\/comments?post=21248"}],"version-history":[{"count":19,"href":"https:\/\/caphtech.com\/fr\/wp-json\/wp\/v2\/pages\/21248\/revisions"}],"predecessor-version":[{"id":23706,"href":"https:\/\/caphtech.com\/fr\/wp-json\/wp\/v2\/pages\/21248\/revisions\/23706"}],"wp:attachment":[{"href":"https:\/\/caphtech.com\/fr\/wp-json\/wp\/v2\/media?parent=21248"}],"curies":[{"name":"wp","href":"https:\/\/api.w.org\/{rel}","templated":true}]}}