{"id":21265,"date":"2025-09-16T00:09:46","date_gmt":"2025-09-16T00:09:46","guid":{"rendered":"https:\/\/caphtech.com\/?page_id=21265"},"modified":"2025-10-01T12:36:32","modified_gmt":"2025-10-01T12:36:32","slug":"health-industry","status":"publish","type":"page","link":"https:\/\/caphtech.com\/fr\/health-industry\/","title":{"rendered":"L&#039;Industrie De La Sant\u00e9"},"content":{"rendered":"<div data-elementor-type=\"wp-page\" data-elementor-id=\"21265\" class=\"elementor elementor-21265\" data-elementor-post-type=\"page\">\n\t\t\t\t\t\t<section class=\"elementor-section elementor-top-section elementor-element elementor-element-2c26873 elementor-section-boxed elementor-section-height-default elementor-section-height-default\" data-id=\"2c26873\" data-element_type=\"section\" data-settings=\"{&quot;background_background&quot;:&quot;classic&quot;}\">\n\t\t\t\t\t\t<div class=\"elementor-container elementor-column-gap-default\">\n\t\t\t\t\t<div class=\"elementor-column elementor-col-100 elementor-top-column elementor-element elementor-element-2443d6b1\" data-id=\"2443d6b1\" data-element_type=\"column\" data-settings=\"{&quot;background_background&quot;:&quot;classic&quot;,&quot;background_motion_fx_motion_fx_scrolling&quot;:&quot;yes&quot;,&quot;background_motion_fx_translateX_effect&quot;:&quot;yes&quot;,&quot;background_motion_fx_translateX_speed&quot;:{&quot;unit&quot;:&quot;px&quot;,&quot;size&quot;:3,&quot;sizes&quot;:[]},&quot;background_motion_fx_devices&quot;:[&quot;desktop&quot;],&quot;background_motion_fx_translateX_affectedRange&quot;:{&quot;unit&quot;:&quot;%&quot;,&quot;size&quot;:&quot;&quot;,&quot;sizes&quot;:{&quot;start&quot;:0,&quot;end&quot;:100}}}\">\n\t\t\t<div class=\"elementor-widget-wrap elementor-element-populated\">\n\t\t\t\t\t\t<div class=\"elementor-element elementor-element-39132f4e elementor-widget__width-auto elementor-widget elementor-widget-heading\" data-id=\"39132f4e\" data-element_type=\"widget\" data-widget_type=\"heading.default\">\n\t\t\t\t\t<span class=\"elementor-heading-title elementor-size-default\">Services<\/span>\t\t\t\t<\/div>\n\t\t\t\t<div class=\"elementor-element elementor-element-2be65de elementor-widget elementor-widget-heading\" data-id=\"2be65de\" data-element_type=\"widget\" data-widget_type=\"heading.default\">\n\t\t\t\t\t<h2 class=\"elementor-heading-title elementor-size-default\">L&#039;Industrie De La Sant\u00e9<\/h2>\t\t\t\t<\/div>\n\t\t\t\t<div class=\"elementor-element elementor-element-7d1a40f3 elementor-widget elementor-widget-text-editor\" data-id=\"7d1a40f3\" data-element_type=\"widget\" data-widget_type=\"text-editor.default\">\n\t\t\t\t\t\t\t\t\t<p><strong>La cybers\u00e9curit\u00e9 pour les soins de Sant\u00e9 et Sciences de la Sant\u00e9<\/strong><\/p>\t\t\t\t\t\t\t\t<\/div>\n\t\t\t\t<div class=\"vamtam-has-theme-widget-styles elementor-element elementor-element-6a13b21e elementor-widget__width-auto elementor-widget-mobile__width-inherit elementor-widget-tablet__width-auto elementor-mobile-align-justify elementor-invisible elementor-widget elementor-widget-button\" data-id=\"6a13b21e\" data-element_type=\"widget\" data-settings=\"{&quot;_animation&quot;:&quot;fadeIn&quot;,&quot;_animation_tablet&quot;:&quot;none&quot;,&quot;_animation_delay&quot;:400}\" data-widget_type=\"button.default\">\n\t\t\t\t\t\t\t\t\t\t<a class=\"elementor-button elementor-button-link elementor-size-sm\" href=\"https:\/\/caphtech.com\/fr\/contact-us\/\">\n\t\t\t\t\t\t<span class=\"elementor-button-content-wrapper\">\n\t\t\t\t\t\t\t\t\t<span class=\"elementor-button-text\">Contactez-Nous<\/span>\n\t\t\t\t\t<\/span>\n\t\t\t\t\t<\/a>\n\t\t\t\t\t\t\t\t<\/div>\n\t\t\t\t\t<\/div>\n\t\t<\/div>\n\t\t\t\t\t<\/div>\n\t\t<\/section>\n\t\t\t\t<section class=\"elementor-section elementor-top-section elementor-element elementor-element-59c6be87 elementor-section-boxed elementor-section-height-default elementor-section-height-default\" data-id=\"59c6be87\" data-element_type=\"section\" data-settings=\"{&quot;background_background&quot;:&quot;classic&quot;}\">\n\t\t\t\t\t\t<div class=\"elementor-container elementor-column-gap-no\">\n\t\t\t\t\t<div class=\"elementor-column elementor-col-100 elementor-top-column elementor-element elementor-element-7bb3cb9a\" data-id=\"7bb3cb9a\" data-element_type=\"column\">\n\t\t\t<div class=\"elementor-widget-wrap elementor-element-populated\">\n\t\t\t\t\t\t<div class=\"elementor-element elementor-element-64add42 elementor-widget elementor-widget-image\" data-id=\"64add42\" data-element_type=\"widget\" data-widget_type=\"image.default\">\n\t\t\t\t\t\t\t\t\t\t\t\t\t\t\t<img fetchpriority=\"high\" decoding=\"async\" width=\"800\" height=\"560\" src=\"https:\/\/caphtech.com\/wp-content\/uploads\/2025\/09\/1-2.jpg\" class=\"attachment-large size-large wp-image-23313\" alt=\"\" srcset=\"https:\/\/caphtech.com\/wp-content\/uploads\/2025\/09\/1-2.jpg 800w, https:\/\/caphtech.com\/wp-content\/uploads\/2025\/09\/1-2-300x210.jpg 300w, https:\/\/caphtech.com\/wp-content\/uploads\/2025\/09\/1-2-768x538.jpg 768w\" sizes=\"(max-width: 800px) 100vw, 800px\" \/>\t\t\t\t\t\t\t\t\t\t\t\t\t\t\t<\/div>\n\t\t\t\t\t<\/div>\n\t\t<\/div>\n\t\t\t\t\t<\/div>\n\t\t<\/section>\n\t\t\t\t<section class=\"elementor-section elementor-top-section elementor-element elementor-element-5ea9dc18 elementor-section-boxed elementor-section-height-default elementor-section-height-default\" data-id=\"5ea9dc18\" data-element_type=\"section\">\n\t\t\t\t\t\t<div class=\"elementor-container elementor-column-gap-no\">\n\t\t\t\t\t<div class=\"elementor-column elementor-col-100 elementor-top-column elementor-element elementor-element-81467d3\" data-id=\"81467d3\" data-element_type=\"column\">\n\t\t\t<div class=\"elementor-widget-wrap elementor-element-populated\">\n\t\t\t\t\t\t<div class=\"elementor-element elementor-element-62c61d48 elementor-widget elementor-widget-text-editor\" data-id=\"62c61d48\" data-element_type=\"widget\" data-widget_type=\"text-editor.default\">\n\t\t\t\t\t\t\t\t\t<p>Les soins de sant\u00e9 et sciences de la vie les secteurs sont parmi les&nbsp;<strong>la plupart des secteurs cibl\u00e9s pour les cyberattaques<\/strong>. Des h\u00f4pitaux et des \u00e9tablissements de recherche pour les entreprises pharmaceutiques, les cybercriminels et de l&#039;\u00e9tat-nation acteurs exploiter sensibles, les donn\u00e9es du patient, de la propri\u00e9t\u00e9 intellectuelle, et la critique des syst\u00e8mes qui soutiennent la prestation des soins. Une seule infraction peut mettre en p\u00e9ril la s\u00e9curit\u00e9 des patients, de perturber l&#039;exploitation, et d&#039;aboutir \u00e0 d&#039;importantes sanctions r\u00e9glementaires.<\/p>\n<p>Caph de cybers\u00e9curit\u00e9 de services de consultation d&#039;aider nos clients \u00e0 <strong>sauvegarder les informations du patient, de prot\u00e9ger les donn\u00e9es de recherche, et de maintenir la r\u00e9silience des syst\u00e8mes m\u00e9dicaux<\/strong>. Nous fournissons des solutions sur mesure qui \u00e9quilibre le respect, l&#039;innovation et la continuit\u00e9 op\u00e9rationnelle.<\/p>\t\t\t\t\t\t\t\t<\/div>\n\t\t\t\t\t<\/div>\n\t\t<\/div>\n\t\t\t\t\t<\/div>\n\t\t<\/section>\n\t\t\t\t<section class=\"elementor-section elementor-top-section elementor-element elementor-element-5192809a elementor-section-boxed elementor-section-height-default elementor-section-height-default\" data-id=\"5192809a\" data-element_type=\"section\">\n\t\t\t\t\t\t<div class=\"elementor-container elementor-column-gap-default\">\n\t\t\t\t\t<div class=\"elementor-column elementor-col-50 elementor-top-column elementor-element elementor-element-6132dece\" data-id=\"6132dece\" data-element_type=\"column\">\n\t\t\t<div class=\"elementor-widget-wrap elementor-element-populated\">\n\t\t\t\t\t\t<section class=\"elementor-section elementor-inner-section elementor-element elementor-element-468c79c9 elementor-section-height-full elementor-section-content-middle elementor-section-boxed elementor-section-height-default\" data-id=\"468c79c9\" data-element_type=\"section\" data-settings=\"{&quot;sticky&quot;:&quot;top&quot;,&quot;sticky_on&quot;:[&quot;desktop&quot;,&quot;tablet&quot;],&quot;sticky_parent&quot;:&quot;yes&quot;,&quot;sticky_offset&quot;:0,&quot;sticky_effects_offset&quot;:0,&quot;sticky_anchor_link_offset&quot;:0}\">\n\t\t\t\t\t\t<div class=\"elementor-container elementor-column-gap-no\">\n\t\t\t\t\t<div class=\"elementor-column elementor-col-100 elementor-inner-column elementor-element elementor-element-3fe8f60a\" data-id=\"3fe8f60a\" data-element_type=\"column\">\n\t\t\t<div class=\"elementor-widget-wrap elementor-element-populated\">\n\t\t\t\t\t\t<div class=\"elementor-element elementor-element-27ee6999 elementor-widget elementor-widget-image\" data-id=\"27ee6999\" data-element_type=\"widget\" data-settings=\"{&quot;motion_fx_motion_fx_scrolling&quot;:&quot;yes&quot;,&quot;motion_fx_translateY_effect&quot;:&quot;yes&quot;,&quot;motion_fx_translateY_speed&quot;:{&quot;unit&quot;:&quot;px&quot;,&quot;size&quot;:2,&quot;sizes&quot;:[]},&quot;motion_fx_devices&quot;:[&quot;desktop&quot;,&quot;tablet&quot;],&quot;motion_fx_translateY_affectedRange&quot;:{&quot;unit&quot;:&quot;%&quot;,&quot;size&quot;:&quot;&quot;,&quot;sizes&quot;:{&quot;start&quot;:0,&quot;end&quot;:100}}}\" data-widget_type=\"image.default\">\n\t\t\t\t\t\t\t\t\t\t\t\t\t\t\t<img decoding=\"async\" width=\"294\" height=\"291\" src=\"https:\/\/caphtech.com\/wp-content\/uploads\/2025\/09\/Shape-dots-arrow-right.svg\" class=\"attachment-full size-full wp-image-23376\" alt=\"\" \/>\t\t\t\t\t\t\t\t\t\t\t\t\t\t\t<\/div>\n\t\t\t\t<div class=\"elementor-element elementor-element-49abc17 elementor-widget__width-initial elementor-widget elementor-widget-heading\" data-id=\"49abc17\" data-element_type=\"widget\" data-widget_type=\"heading.default\">\n\t\t\t\t\t<h2 class=\"elementor-heading-title elementor-size-default\">Nos Services Comprennent:<\/h2>\t\t\t\t<\/div>\n\t\t\t\t\t<\/div>\n\t\t<\/div>\n\t\t\t\t\t<\/div>\n\t\t<\/section>\n\t\t\t\t\t<\/div>\n\t\t<\/div>\n\t\t\t\t<div class=\"elementor-column elementor-col-50 elementor-top-column elementor-element elementor-element-582b4464\" data-id=\"582b4464\" data-element_type=\"column\" data-settings=\"{&quot;background_background&quot;:&quot;classic&quot;}\">\n\t\t\t<div class=\"elementor-widget-wrap elementor-element-populated\">\n\t\t\t\t\t\t<div class=\"elementor-element elementor-element-5016cf56 elementor-widget elementor-widget-text-editor\" data-id=\"5016cf56\" data-element_type=\"widget\" data-widget_type=\"text-editor.default\">\n\t\t\t\t\t\t\t\t\t<ul><li><strong>Les risques les \u00e9valuations et la mod\u00e9lisation des menaces<\/strong>\u00a0pour les environnements de soins de sant\u00e9, les syst\u00e8mes de DSE, et des dispositifs m\u00e9dicaux.<\/li><\/ul>\t\t\t\t\t\t\t\t<\/div>\n\t\t\t\t<div class=\"elementor-element elementor-element-15d2700a elementor-widget-divider--view-line elementor-widget elementor-widget-divider\" data-id=\"15d2700a\" data-element_type=\"widget\" data-widget_type=\"divider.default\">\n\t\t\t\t\t\t\t<div class=\"elementor-divider\">\n\t\t\t<span class=\"elementor-divider-separator\">\n\t\t\t\t\t\t<\/span>\n\t\t<\/div>\n\t\t\t\t\t\t<\/div>\n\t\t\t\t<div class=\"elementor-element elementor-element-7a1b2181 elementor-widget elementor-widget-text-editor\" data-id=\"7a1b2181\" data-element_type=\"widget\" data-widget_type=\"text-editor.default\">\n\t\t\t\t\t\t\t\t\t<ul><li><strong>Identity &amp; access management (IAM)<\/strong>\u00a0pour prot\u00e9ger les dossiers des patients, des cliniciens et des chercheurs.<\/li><\/ul>\t\t\t\t\t\t\t\t<\/div>\n\t\t\t\t<div class=\"elementor-element elementor-element-33aeb47c elementor-widget-divider--view-line elementor-widget elementor-widget-divider\" data-id=\"33aeb47c\" data-element_type=\"widget\" data-widget_type=\"divider.default\">\n\t\t\t\t\t\t\t<div class=\"elementor-divider\">\n\t\t\t<span class=\"elementor-divider-separator\">\n\t\t\t\t\t\t<\/span>\n\t\t<\/div>\n\t\t\t\t\t\t<\/div>\n\t\t\t\t<div class=\"elementor-element elementor-element-6fe113d5 elementor-widget elementor-widget-text-editor\" data-id=\"6fe113d5\" data-element_type=\"widget\" data-widget_type=\"text-editor.default\">\n\t\t\t\t\t\t\t\t\t<ul><li><strong>La r\u00e9ponse \u00e0 l&#039;Incident et confinement<\/strong>\u00a0afin de minimiser les temps d&#039;arr\u00eat et de prot\u00e9ger la s\u00e9curit\u00e9 des patients.<\/li><\/ul>\t\t\t\t\t\t\t\t<\/div>\n\t\t\t\t<div class=\"elementor-element elementor-element-3814e1dc elementor-widget-divider--view-line elementor-widget elementor-widget-divider\" data-id=\"3814e1dc\" data-element_type=\"widget\" data-widget_type=\"divider.default\">\n\t\t\t\t\t\t\t<div class=\"elementor-divider\">\n\t\t\t<span class=\"elementor-divider-separator\">\n\t\t\t\t\t\t<\/span>\n\t\t<\/div>\n\t\t\t\t\t\t<\/div>\n\t\t\t\t<div class=\"elementor-element elementor-element-17e7f71f elementor-widget elementor-widget-text-editor\" data-id=\"17e7f71f\" data-element_type=\"widget\" data-widget_type=\"text-editor.default\">\n\t\t\t\t\t\t\t\t\t<ul><li><strong>La vuln\u00e9rabilit\u00e9 de gestion et de tests de p\u00e9n\u00e9tration<\/strong>\u00a0pour les demandes de soins de sant\u00e9, les dispositifs et les r\u00e9seaux.<\/li><\/ul>\t\t\t\t\t\t\t\t<\/div>\n\t\t\t\t<div class=\"elementor-element elementor-element-4c854102 elementor-widget-divider--view-line elementor-widget elementor-widget-divider\" data-id=\"4c854102\" data-element_type=\"widget\" data-widget_type=\"divider.default\">\n\t\t\t\t\t\t\t<div class=\"elementor-divider\">\n\t\t\t<span class=\"elementor-divider-separator\">\n\t\t\t\t\t\t<\/span>\n\t\t<\/div>\n\t\t\t\t\t\t<\/div>\n\t\t\t\t<div class=\"elementor-element elementor-element-3d9ad999 elementor-widget elementor-widget-text-editor\" data-id=\"3d9ad999\" data-element_type=\"widget\" data-widget_type=\"text-editor.default\">\n\t\t\t\t\t\t\t\t\t<ul><li><strong>Nuage num\u00e9rique et de la sant\u00e9, de la s\u00e9curit\u00e9<\/strong>\u00a0pour la t\u00e9l\u00e9m\u00e9decine, des applications mobiles et connect\u00e9s plateformes de soins.<\/li><\/ul>\t\t\t\t\t\t\t\t<\/div>\n\t\t\t\t<div class=\"elementor-element elementor-element-4e905bb3 elementor-widget-divider--view-line elementor-widget elementor-widget-divider\" data-id=\"4e905bb3\" data-element_type=\"widget\" data-widget_type=\"divider.default\">\n\t\t\t\t\t\t\t<div class=\"elementor-divider\">\n\t\t\t<span class=\"elementor-divider-separator\">\n\t\t\t\t\t\t<\/span>\n\t\t<\/div>\n\t\t\t\t\t\t<\/div>\n\t\t\t\t<div class=\"elementor-element elementor-element-19c3fcc1 elementor-widget elementor-widget-text-editor\" data-id=\"19c3fcc1\" data-element_type=\"widget\" data-widget_type=\"text-editor.default\">\n\t\t\t\t\t\t\t\t\t<ul><li><strong>La menace d&#039;intelligence et de surveillance<\/strong>\u00a0pour rester en t\u00eate de ransomware et \u00e9mergents de soins de sant\u00e9 \u00e0 des menaces.<\/li><\/ul>\t\t\t\t\t\t\t\t<\/div>\n\t\t\t\t<div class=\"elementor-element elementor-element-645058d9 elementor-widget-divider--view-line elementor-widget elementor-widget-divider\" data-id=\"645058d9\" data-element_type=\"widget\" data-widget_type=\"divider.default\">\n\t\t\t\t\t\t\t<div class=\"elementor-divider\">\n\t\t\t<span class=\"elementor-divider-separator\">\n\t\t\t\t\t\t<\/span>\n\t\t<\/div>\n\t\t\t\t\t\t<\/div>\n\t\t\t\t<div class=\"elementor-element elementor-element-22c32ca1 elementor-widget elementor-widget-text-editor\" data-id=\"22c32ca1\" data-element_type=\"widget\" data-widget_type=\"text-editor.default\">\n\t\t\t\t\t\t\t\t\t<ul><li><strong>Soutien de la conformit\u00e9 r\u00e9glementaire<\/strong>\u00a0pour HIPAA, GDPR, FDA, EMA, et d&#039;autres soins de sant\u00e9 r\u00e9gionaux mandats.<\/li><\/ul>\t\t\t\t\t\t\t\t<\/div>\n\t\t\t\t\t<\/div>\n\t\t<\/div>\n\t\t\t\t\t<\/div>\n\t\t<\/section>\n\t\t\t\t<section class=\"elementor-section elementor-top-section elementor-element elementor-element-743d1a89 elementor-section-boxed elementor-section-height-default elementor-section-height-default\" data-id=\"743d1a89\" data-element_type=\"section\">\n\t\t\t\t\t\t<div class=\"elementor-container elementor-column-gap-default\">\n\t\t\t\t\t<div class=\"elementor-column elementor-col-100 elementor-top-column elementor-element elementor-element-19197e65\" data-id=\"19197e65\" data-element_type=\"column\" data-settings=\"{&quot;background_background&quot;:&quot;classic&quot;,&quot;background_motion_fx_motion_fx_scrolling&quot;:&quot;yes&quot;,&quot;background_motion_fx_translateX_effect&quot;:&quot;yes&quot;,&quot;background_motion_fx_translateX_speed&quot;:{&quot;unit&quot;:&quot;px&quot;,&quot;size&quot;:3,&quot;sizes&quot;:[]},&quot;background_motion_fx_devices&quot;:[&quot;desktop&quot;],&quot;background_motion_fx_translateX_affectedRange&quot;:{&quot;unit&quot;:&quot;%&quot;,&quot;size&quot;:&quot;&quot;,&quot;sizes&quot;:{&quot;start&quot;:0,&quot;end&quot;:100}}}\">\n\t\t\t<div class=\"elementor-widget-wrap elementor-element-populated\">\n\t\t\t\t\t\t<div class=\"elementor-element elementor-element-6cd484db elementor-widget elementor-widget-heading\" data-id=\"6cd484db\" data-element_type=\"widget\" data-widget_type=\"heading.default\">\n\t\t\t\t\t<h2 class=\"elementor-heading-title elementor-size-default\">Pourquoi C&#039;Est Important<\/h2>\t\t\t\t<\/div>\n\t\t\t\t<div class=\"elementor-element elementor-element-39bd98c1 elementor-widget__width-inherit elementor-widget-mobile__width-inherit elementor-icon-list--layout-traditional elementor-list-item-link-full_width elementor-widget elementor-widget-icon-list\" data-id=\"39bd98c1\" data-element_type=\"widget\" data-widget_type=\"icon-list.default\">\n\t\t\t\t\t\t\t<ul class=\"elementor-icon-list-items\">\n\t\t\t\t\t\t\t<li class=\"elementor-icon-list-item\">\n\t\t\t\t\t\t\t\t\t\t\t<span class=\"elementor-icon-list-icon\">\n\t\t\t\t\t\t\t<i aria-hidden=\"true\" class=\"vamtamtheme- vamtam-theme-check-box\"><\/i>\t\t\t\t\t\t<\/span>\n\t\t\t\t\t\t\t\t\t\t<span class=\"elementor-icon-list-text\"><b><i>Prot\u00e9ger La S\u00e9curit\u00e9 Des Patients:<\/i><\/b> Assurer des soins sans interruption par la s\u00e9curisation des syst\u00e8mes m\u00e9dicaux et de dispositifs.<\/span>\n\t\t\t\t\t\t\t\t\t<\/li>\n\t\t\t\t\t\t\t\t<li class=\"elementor-icon-list-item\">\n\t\t\t\t\t\t\t\t\t\t\t<span class=\"elementor-icon-list-icon\">\n\t\t\t\t\t\t\t<i aria-hidden=\"true\" class=\"vamtamtheme- vamtam-theme-check-box\"><\/i>\t\t\t\t\t\t<\/span>\n\t\t\t\t\t\t\t\t\t\t<span class=\"elementor-icon-list-text\"><b><i>Protection Des Donn\u00e9es Sensibles:<\/i><\/b> D\u00e9fendre les dossiers de sant\u00e9 \u00e9lectroniques (Dse) et de recherche d&#039;informations.<\/span>\n\t\t\t\t\t\t\t\t\t<\/li>\n\t\t\t\t\t\t\t\t<li class=\"elementor-icon-list-item\">\n\t\t\t\t\t\t\t\t\t\t\t<span class=\"elementor-icon-list-icon\">\n\t\t\t\t\t\t\t<i aria-hidden=\"true\" class=\"vamtamtheme- vamtam-theme-check-box\"><\/i>\t\t\t\t\t\t<\/span>\n\t\t\t\t\t\t\t\t\t\t<span class=\"elementor-icon-list-text\"><b><i>S&#039;Assurer De La R\u00e9silience:<\/i><\/b> \u00c9viter les temps d&#039;arr\u00eat co\u00fbteux dans les h\u00f4pitaux, les laboratoires, et de biotechnologie de l&#039;environnement.<\/span>\n\t\t\t\t\t\t\t\t\t<\/li>\n\t\t\t\t\t\t\t\t<li class=\"elementor-icon-list-item\">\n\t\t\t\t\t\t\t\t\t\t\t<span class=\"elementor-icon-list-icon\">\n\t\t\t\t\t\t\t<i aria-hidden=\"true\" class=\"vamtamtheme- vamtam-theme-check-box\"><\/i>\t\t\t\t\t\t<\/span>\n\t\t\t\t\t\t\t\t\t\t<span class=\"elementor-icon-list-text\"><b><i>S\u00e9jour Conforme:<\/i><\/b> Respecter des normes strictes de s\u00e9curit\u00e9 et de confidentialit\u00e9 des mandats \u00e0 l&#039;\u00e9chelle plan\u00e9taire march\u00e9s des soins de sant\u00e9.<\/span>\n\t\t\t\t\t\t\t\t\t<\/li>\n\t\t\t\t\t\t<\/ul>\n\t\t\t\t\t\t<\/div>\n\t\t\t\t<div class=\"elementor-element elementor-element-2239cd65 elementor-widget elementor-widget-text-editor\" data-id=\"2239cd65\" data-element_type=\"widget\" data-widget_type=\"text-editor.default\">\n\t\t\t\t\t\t\t\t\t<p>Avec la Caph, les soins de sant\u00e9 et sciences de la sant\u00e9, les organisations peuvent\u00a0<strong>construire la r\u00e9silience de la cybers\u00e9curit\u00e9 de la fondation<\/strong>\u00a0qui prot\u00e8ge les patients, le moteur de l&#039;innovation, de garanties et de confiance en rapide \u00e9volution num\u00e9rique de la sant\u00e9 de l&#039;\u00e9cosyst\u00e8me.<\/p>\t\t\t\t\t\t\t\t<\/div>\n\t\t\t\t\t<\/div>\n\t\t<\/div>\n\t\t\t\t\t<\/div>\n\t\t<\/section>\n\t\t\t\t<section class=\"elementor-section elementor-top-section elementor-element elementor-element-2e70b5d3 elementor-section-boxed elementor-section-height-default elementor-section-height-default\" data-id=\"2e70b5d3\" data-element_type=\"section\">\n\t\t\t\t\t\t<div class=\"elementor-container elementor-column-gap-default\">\n\t\t\t\t\t<div class=\"elementor-column elementor-col-50 elementor-top-column elementor-element elementor-element-749a3932\" data-id=\"749a3932\" data-element_type=\"column\" data-settings=\"{&quot;background_background&quot;:&quot;classic&quot;}\">\n\t\t\t<div class=\"elementor-widget-wrap elementor-element-populated\">\n\t\t\t\t\t\t<div class=\"elementor-element elementor-element-5d896001 elementor-widget elementor-widget-spacer\" data-id=\"5d896001\" data-element_type=\"widget\" data-widget_type=\"spacer.default\">\n\t\t\t\t\t\t\t<div class=\"elementor-spacer\">\n\t\t\t<div class=\"elementor-spacer-inner\"><\/div>\n\t\t<\/div>\n\t\t\t\t\t\t<\/div>\n\t\t\t\t\t<\/div>\n\t\t<\/div>\n\t\t\t\t<div class=\"elementor-column elementor-col-50 elementor-top-column elementor-element elementor-element-1ee906cb\" data-id=\"1ee906cb\" data-element_type=\"column\">\n\t\t\t<div class=\"elementor-widget-wrap elementor-element-populated\">\n\t\t\t\t\t\t<div class=\"elementor-element elementor-element-1b571e2 elementor-widget elementor-widget-heading\" data-id=\"1b571e2\" data-element_type=\"widget\" data-widget_type=\"heading.default\">\n\t\t\t\t\t<h3 class=\"elementor-heading-title elementor-size-default\">Votre s\u00e9curit\u00e9 est\nnotre mission.<\/h3>\t\t\t\t<\/div>\n\t\t\t\t<div class=\"elementor-element elementor-element-4b6c5620 elementor-widget elementor-widget-text-editor\" data-id=\"4b6c5620\" data-element_type=\"widget\" data-widget_type=\"text-editor.default\">\n\t\t\t\t\t\t\t\t\t<p>Caph Technologies de l&#039;offre innovante de services de cybers\u00e9curit\u00e9 afin de prot\u00e9ger vos donn\u00e9es, de syst\u00e8mes et de r\u00e9putation.<br \/>Avec nous, vous pouvez vous concentrer sur la croissance, tandis que nous nous occupons de menaces.<\/p><p>Rester En S\u00e9curit\u00e9. S\u00e9jour R\u00e9silient.<\/p>\t\t\t\t\t\t\t\t<\/div>\n\t\t\t\t\t<\/div>\n\t\t<\/div>\n\t\t\t\t\t<\/div>\n\t\t<\/section>\n\t\t\t\t<section class=\"elementor-section elementor-top-section elementor-element elementor-element-4a1852b5 elementor-section-boxed elementor-section-height-default elementor-section-height-default\" data-id=\"4a1852b5\" data-element_type=\"section\" data-settings=\"{&quot;background_background&quot;:&quot;gradient&quot;}\">\n\t\t\t\t\t\t\t<div class=\"elementor-background-overlay\"><\/div>\n\t\t\t\t\t\t\t<div class=\"elementor-container elementor-column-gap-no\">\n\t\t\t\t\t<div class=\"elementor-column elementor-col-100 elementor-top-column elementor-element elementor-element-697d09ff\" data-id=\"697d09ff\" data-element_type=\"column\">\n\t\t\t<div class=\"elementor-widget-wrap elementor-element-populated\">\n\t\t\t\t\t\t<div class=\"elementor-element elementor-element-3f0ac7c2 elementor-widget elementor-widget-spacer\" data-id=\"3f0ac7c2\" data-element_type=\"widget\" data-widget_type=\"spacer.default\">\n\t\t\t\t\t\t\t<div class=\"elementor-spacer\">\n\t\t\t<div class=\"elementor-spacer-inner\"><\/div>\n\t\t<\/div>\n\t\t\t\t\t\t<\/div>\n\t\t\t\t<div class=\"elementor-element elementor-element-e847490 elementor-widget elementor-widget-heading\" data-id=\"e847490\" data-element_type=\"widget\" data-widget_type=\"heading.default\">\n\t\t\t\t\t<h2 class=\"elementor-heading-title elementor-size-default\">Contactez nous<\/h2>\t\t\t\t<\/div>\n\t\t\t\t<div class=\"elementor-element elementor-element-7cdd4d95 elementor-widget elementor-widget-text-editor\" data-id=\"7cdd4d95\" data-element_type=\"widget\" data-widget_type=\"text-editor.default\">\n\t\t\t\t\t\t\t\t\t<p>Au Caph Technologies, nous pensons que la forte la s\u00e9curit\u00e9 commence avec de solides partenariats. Si vous avez besoin de conseils, une \u00e9valuation de la s\u00e9curit\u00e9, ou une aide imm\u00e9diate, nos experts sont l\u00e0 pour vous aider.<\/p>\t\t\t\t\t\t\t\t<\/div>\n\t\t\t\t<div class=\"vamtam-has-theme-widget-styles elementor-element elementor-element-743b9d18 elementor-align-justify elementor-widget elementor-widget-button\" data-id=\"743b9d18\" data-element_type=\"widget\" data-widget_type=\"button.default\">\n\t\t\t\t\t\t\t\t\t\t<a class=\"elementor-button elementor-button-link elementor-size-sm\" href=\"https:\/\/caphtech.com\/fr\/contact-us\/\">\n\t\t\t\t\t\t<span class=\"elementor-button-content-wrapper\">\n\t\t\t\t\t\t\t\t\t<span class=\"elementor-button-text\">Contactez-Nous<\/span>\n\t\t\t\t\t<\/span>\n\t\t\t\t\t<\/a>\n\t\t\t\t\t\t\t\t<\/div>\n\t\t\t\t<div class=\"elementor-element elementor-element-278aa25b elementor-widget elementor-widget-spacer\" data-id=\"278aa25b\" data-element_type=\"widget\" data-widget_type=\"spacer.default\">\n\t\t\t\t\t\t\t<div class=\"elementor-spacer\">\n\t\t\t<div class=\"elementor-spacer-inner\"><\/div>\n\t\t<\/div>\n\t\t\t\t\t\t<\/div>\n\t\t\t\t\t<\/div>\n\t\t<\/div>\n\t\t\t\t\t<\/div>\n\t\t<\/section>\n\t\t\t\t<\/div>","protected":false},"excerpt":{"rendered":"<p>Services Health Industry Cybersecurity for Healthcare &amp; Health Sciences Contact Us The healthcare and life sciences sectors are among the&nbsp;most targeted industries for cyberattacks. From hospitals and research institutions to pharmaceutical companies, cybercriminals and nation-state actors exploit sensitive patient data, intellectual property, and the critical systems that support care delivery. A single breach can jeopardize&#8230;<\/p>","protected":false},"author":1,"featured_media":0,"parent":0,"menu_order":0,"comment_status":"closed","ping_status":"closed","template":"elementor_header_footer","meta":{"footnotes":""},"class_list":["post-21265","page","type-page","status-publish","hentry"],"_links":{"self":[{"href":"https:\/\/caphtech.com\/fr\/wp-json\/wp\/v2\/pages\/21265","targetHints":{"allow":["GET"]}}],"collection":[{"href":"https:\/\/caphtech.com\/fr\/wp-json\/wp\/v2\/pages"}],"about":[{"href":"https:\/\/caphtech.com\/fr\/wp-json\/wp\/v2\/types\/page"}],"author":[{"embeddable":true,"href":"https:\/\/caphtech.com\/fr\/wp-json\/wp\/v2\/users\/1"}],"replies":[{"embeddable":true,"href":"https:\/\/caphtech.com\/fr\/wp-json\/wp\/v2\/comments?post=21265"}],"version-history":[{"count":16,"href":"https:\/\/caphtech.com\/fr\/wp-json\/wp\/v2\/pages\/21265\/revisions"}],"predecessor-version":[{"id":23713,"href":"https:\/\/caphtech.com\/fr\/wp-json\/wp\/v2\/pages\/21265\/revisions\/23713"}],"wp:attachment":[{"href":"https:\/\/caphtech.com\/fr\/wp-json\/wp\/v2\/media?parent=21265"}],"curies":[{"name":"wp","href":"https:\/\/api.w.org\/{rel}","templated":true}]}}