{"id":21270,"date":"2025-09-16T00:15:13","date_gmt":"2025-09-16T00:15:13","guid":{"rendered":"https:\/\/caphtech.com\/?page_id=21270"},"modified":"2025-09-30T20:04:42","modified_gmt":"2025-09-30T20:04:42","slug":"industrial-consumer-electronics","status":"publish","type":"page","link":"https:\/\/caphtech.com\/fr\/industrial-consumer-electronics\/","title":{"rendered":"Industrial &#038; Consumer Electronics"},"content":{"rendered":"<div data-elementor-type=\"wp-page\" data-elementor-id=\"21270\" class=\"elementor elementor-21270\" data-elementor-post-type=\"page\">\n\t\t\t\t\t\t<section class=\"elementor-section elementor-top-section elementor-element elementor-element-7e858ae4 elementor-section-boxed elementor-section-height-default elementor-section-height-default\" data-id=\"7e858ae4\" data-element_type=\"section\" data-settings=\"{&quot;background_background&quot;:&quot;classic&quot;}\">\n\t\t\t\t\t\t<div class=\"elementor-container elementor-column-gap-default\">\n\t\t\t\t\t<div class=\"elementor-column elementor-col-100 elementor-top-column elementor-element elementor-element-582295ba\" data-id=\"582295ba\" data-element_type=\"column\" data-settings=\"{&quot;background_background&quot;:&quot;classic&quot;,&quot;background_motion_fx_motion_fx_scrolling&quot;:&quot;yes&quot;,&quot;background_motion_fx_translateX_effect&quot;:&quot;yes&quot;,&quot;background_motion_fx_translateX_speed&quot;:{&quot;unit&quot;:&quot;px&quot;,&quot;size&quot;:3,&quot;sizes&quot;:[]},&quot;background_motion_fx_devices&quot;:[&quot;desktop&quot;],&quot;background_motion_fx_translateX_affectedRange&quot;:{&quot;unit&quot;:&quot;%&quot;,&quot;size&quot;:&quot;&quot;,&quot;sizes&quot;:{&quot;start&quot;:0,&quot;end&quot;:100}}}\">\n\t\t\t<div class=\"elementor-widget-wrap elementor-element-populated\">\n\t\t\t\t\t\t<div class=\"elementor-element elementor-element-104fd5b9 elementor-widget__width-auto elementor-widget elementor-widget-heading\" data-id=\"104fd5b9\" data-element_type=\"widget\" data-widget_type=\"heading.default\">\n\t\t\t\t\t<span class=\"elementor-heading-title elementor-size-default\">Services<\/span>\t\t\t\t<\/div>\n\t\t\t\t<div class=\"elementor-element elementor-element-4ddbeb0b elementor-widget__width-initial elementor-widget elementor-widget-heading\" data-id=\"4ddbeb0b\" data-element_type=\"widget\" data-widget_type=\"heading.default\">\n\t\t\t\t\t<h2 class=\"elementor-heading-title elementor-size-default\">La cybers\u00e9curit\u00e9 pour les Industriels et de Consommation de l&#039;\u00c9lectronique <\/h2>\t\t\t\t<\/div>\n\t\t\t\t<div class=\"vamtam-has-theme-widget-styles elementor-element elementor-element-1106fbed elementor-widget__width-auto elementor-widget-mobile__width-inherit elementor-widget-tablet__width-auto elementor-mobile-align-justify elementor-invisible elementor-widget elementor-widget-button\" data-id=\"1106fbed\" data-element_type=\"widget\" data-settings=\"{&quot;_animation&quot;:&quot;fadeIn&quot;,&quot;_animation_tablet&quot;:&quot;none&quot;,&quot;_animation_delay&quot;:400}\" data-widget_type=\"button.default\">\n\t\t\t\t\t\t\t\t\t\t<a class=\"elementor-button elementor-button-link elementor-size-sm\" href=\"https:\/\/caphtech.com\/fr\/contact-us\/\">\n\t\t\t\t\t\t<span class=\"elementor-button-content-wrapper\">\n\t\t\t\t\t\t\t\t\t<span class=\"elementor-button-text\">Contactez-Nous<\/span>\n\t\t\t\t\t<\/span>\n\t\t\t\t\t<\/a>\n\t\t\t\t\t\t\t\t<\/div>\n\t\t\t\t\t<\/div>\n\t\t<\/div>\n\t\t\t\t\t<\/div>\n\t\t<\/section>\n\t\t\t\t<section class=\"elementor-section elementor-top-section elementor-element elementor-element-224b71d5 elementor-section-boxed elementor-section-height-default elementor-section-height-default\" data-id=\"224b71d5\" data-element_type=\"section\">\n\t\t\t\t\t\t<div class=\"elementor-container elementor-column-gap-no\">\n\t\t\t\t\t<div class=\"elementor-column elementor-col-100 elementor-top-column elementor-element elementor-element-2ac4132f\" data-id=\"2ac4132f\" data-element_type=\"column\">\n\t\t\t<div class=\"elementor-widget-wrap elementor-element-populated\">\n\t\t\t\t\t\t<div class=\"elementor-element elementor-element-9f39d8b elementor-widget elementor-widget-image\" data-id=\"9f39d8b\" data-element_type=\"widget\" data-widget_type=\"image.default\">\n\t\t\t\t\t\t\t\t\t\t\t\t\t\t\t<img fetchpriority=\"high\" decoding=\"async\" width=\"800\" height=\"560\" src=\"https:\/\/caphtech.com\/wp-content\/uploads\/2025\/09\/7.jpg\" class=\"attachment-large size-large wp-image-21314\" alt=\"\" srcset=\"https:\/\/caphtech.com\/wp-content\/uploads\/2025\/09\/7.jpg 800w, https:\/\/caphtech.com\/wp-content\/uploads\/2025\/09\/7-300x210.jpg 300w, https:\/\/caphtech.com\/wp-content\/uploads\/2025\/09\/7-768x538.jpg 768w\" sizes=\"(max-width: 800px) 100vw, 800px\" \/>\t\t\t\t\t\t\t\t\t\t\t\t\t\t\t<\/div>\n\t\t\t\t\t<\/div>\n\t\t<\/div>\n\t\t\t\t\t<\/div>\n\t\t<\/section>\n\t\t\t\t<section class=\"elementor-section elementor-top-section elementor-element elementor-element-19dcd713 elementor-section-boxed elementor-section-height-default elementor-section-height-default\" data-id=\"19dcd713\" data-element_type=\"section\">\n\t\t\t\t\t\t<div class=\"elementor-container elementor-column-gap-no\">\n\t\t\t\t\t<div class=\"elementor-column elementor-col-100 elementor-top-column elementor-element elementor-element-1d54f70c\" data-id=\"1d54f70c\" data-element_type=\"column\">\n\t\t\t<div class=\"elementor-widget-wrap elementor-element-populated\">\n\t\t\t\t\t\t<div class=\"elementor-element elementor-element-1672396a elementor-widget elementor-widget-text-editor\" data-id=\"1672396a\" data-element_type=\"widget\" data-widget_type=\"text-editor.default\">\n\t\t\t\t\t\t\t\t\t<p><strong>Les Dispositifs de fixation, des Donn\u00e9es, et le Monde Connect\u00e9<\/strong><\/p><p>\u00c0 partir de\u00a0<strong>smart usines<\/strong>\u00a0pour\u00a0<strong>la consommation de Tes appareils<\/strong>, l&#039;industrie de l&#039;\u00e9lectronique est \u00e0 la pointe de l&#039;innovation num\u00e9rique, et de plus en plus la cible de cyberattaques. Des vuln\u00e9rabilit\u00e9s dans les appareils connect\u00e9s, les cha\u00eenes d&#039;approvisionnement, et des syst\u00e8mes de fabrication peut conduire \u00e0\u00a0<strong>le vol de propri\u00e9t\u00e9 intellectuelle, d&#039;alt\u00e9ration des produits, des sanctions r\u00e9glementaires, et la perte de confiance des clients<\/strong>.<\/p><p>Notre cybers\u00e9curit\u00e9 des services de consultation aider les industriels et les entreprises d&#039;\u00e9lectronique grand public\u00a0<strong>concevoir, construire et d\u00e9ployer des produits s\u00e9curis\u00e9s et r\u00e9silients op\u00e9rations<\/strong>. Nous int\u00e9grons la cybers\u00e9curit\u00e9 \u00e0 chaque \u00e9tape du cycle de vie, de d\u00e9veloppement de produits pour le d\u00e9ploiement \u00e0 grande \u00e9chelle.<\/p>\t\t\t\t\t\t\t\t<\/div>\n\t\t\t\t\t<\/div>\n\t\t<\/div>\n\t\t\t\t\t<\/div>\n\t\t<\/section>\n\t\t\t\t<section class=\"elementor-section elementor-top-section elementor-element elementor-element-25b78d83 elementor-section-boxed elementor-section-height-default elementor-section-height-default\" data-id=\"25b78d83\" data-element_type=\"section\">\n\t\t\t\t\t\t<div class=\"elementor-container elementor-column-gap-default\">\n\t\t\t\t\t<div class=\"elementor-column elementor-col-50 elementor-top-column elementor-element elementor-element-732f791b\" data-id=\"732f791b\" data-element_type=\"column\">\n\t\t\t<div class=\"elementor-widget-wrap elementor-element-populated\">\n\t\t\t\t\t\t<section class=\"elementor-section elementor-inner-section elementor-element elementor-element-4bc77840 elementor-section-height-full elementor-section-content-middle elementor-section-boxed elementor-section-height-default\" data-id=\"4bc77840\" data-element_type=\"section\" data-settings=\"{&quot;sticky&quot;:&quot;top&quot;,&quot;sticky_on&quot;:[&quot;desktop&quot;,&quot;tablet&quot;],&quot;sticky_parent&quot;:&quot;yes&quot;,&quot;sticky_offset&quot;:0,&quot;sticky_effects_offset&quot;:0,&quot;sticky_anchor_link_offset&quot;:0}\">\n\t\t\t\t\t\t<div class=\"elementor-container elementor-column-gap-no\">\n\t\t\t\t\t<div class=\"elementor-column elementor-col-100 elementor-inner-column elementor-element elementor-element-7498a42\" data-id=\"7498a42\" data-element_type=\"column\">\n\t\t\t<div class=\"elementor-widget-wrap elementor-element-populated\">\n\t\t\t\t\t\t<div class=\"elementor-element elementor-element-464aa5d8 elementor-widget elementor-widget-image\" data-id=\"464aa5d8\" data-element_type=\"widget\" data-settings=\"{&quot;motion_fx_motion_fx_scrolling&quot;:&quot;yes&quot;,&quot;motion_fx_translateY_effect&quot;:&quot;yes&quot;,&quot;motion_fx_translateY_speed&quot;:{&quot;unit&quot;:&quot;px&quot;,&quot;size&quot;:2,&quot;sizes&quot;:[]},&quot;motion_fx_devices&quot;:[&quot;desktop&quot;,&quot;tablet&quot;],&quot;motion_fx_translateY_affectedRange&quot;:{&quot;unit&quot;:&quot;%&quot;,&quot;size&quot;:&quot;&quot;,&quot;sizes&quot;:{&quot;start&quot;:0,&quot;end&quot;:100}}}\" data-widget_type=\"image.default\">\n\t\t\t\t\t\t\t\t\t\t\t\t\t\t\t<img decoding=\"async\" width=\"294\" height=\"291\" src=\"https:\/\/caphtech.com\/wp-content\/uploads\/2025\/09\/Shape-dots-arrow-right.svg\" class=\"attachment-full size-full wp-image-23376\" alt=\"\" \/>\t\t\t\t\t\t\t\t\t\t\t\t\t\t\t<\/div>\n\t\t\t\t<div class=\"elementor-element elementor-element-65622a3b elementor-widget__width-initial elementor-widget elementor-widget-heading\" data-id=\"65622a3b\" data-element_type=\"widget\" data-widget_type=\"heading.default\">\n\t\t\t\t\t<h2 class=\"elementor-heading-title elementor-size-default\">Nos Services Comprennent:<\/h2>\t\t\t\t<\/div>\n\t\t\t\t\t<\/div>\n\t\t<\/div>\n\t\t\t\t\t<\/div>\n\t\t<\/section>\n\t\t\t\t\t<\/div>\n\t\t<\/div>\n\t\t\t\t<div class=\"elementor-column elementor-col-50 elementor-top-column elementor-element elementor-element-2bcf1d20\" data-id=\"2bcf1d20\" data-element_type=\"column\" data-settings=\"{&quot;background_background&quot;:&quot;classic&quot;}\">\n\t\t\t<div class=\"elementor-widget-wrap elementor-element-populated\">\n\t\t\t\t\t\t<div class=\"elementor-element elementor-element-b1d4028 elementor-widget elementor-widget-text-editor\" data-id=\"b1d4028\" data-element_type=\"widget\" data-widget_type=\"text-editor.default\">\n\t\t\t\t\t\t\t\t\t<ul><li><strong>S\u00e9curis\u00e9 par conception de consultation<\/strong>\u00a0pour int\u00e9grer la cybers\u00e9curit\u00e9 dans le d\u00e9veloppement du produit.<\/li><\/ul>\t\t\t\t\t\t\t\t<\/div>\n\t\t\t\t<div class=\"elementor-element elementor-element-56aa4786 elementor-widget-divider--view-line elementor-widget elementor-widget-divider\" data-id=\"56aa4786\" data-element_type=\"widget\" data-widget_type=\"divider.default\">\n\t\t\t\t\t\t\t<div class=\"elementor-divider\">\n\t\t\t<span class=\"elementor-divider-separator\">\n\t\t\t\t\t\t<\/span>\n\t\t<\/div>\n\t\t\t\t\t\t<\/div>\n\t\t\t\t<div class=\"elementor-element elementor-element-7e23d6a6 elementor-widget elementor-widget-text-editor\" data-id=\"7e23d6a6\" data-element_type=\"widget\" data-widget_type=\"text-editor.default\">\n\t\t\t\t\t\t\t\t\t<ul><li><strong>L&#039;ido et des \u00e9valuations de la s\u00e9curit\u00e9 de l&#039;appareil<\/strong>\u00a0afin d&#039;identifier et de corriger les vuln\u00e9rabilit\u00e9s.<\/li><\/ul>\t\t\t\t\t\t\t\t<\/div>\n\t\t\t\t<div class=\"elementor-element elementor-element-28d8d4e9 elementor-widget-divider--view-line elementor-widget elementor-widget-divider\" data-id=\"28d8d4e9\" data-element_type=\"widget\" data-widget_type=\"divider.default\">\n\t\t\t\t\t\t\t<div class=\"elementor-divider\">\n\t\t\t<span class=\"elementor-divider-separator\">\n\t\t\t\t\t\t<\/span>\n\t\t<\/div>\n\t\t\t\t\t\t<\/div>\n\t\t\t\t<div class=\"elementor-element elementor-element-2600a147 elementor-widget elementor-widget-text-editor\" data-id=\"2600a147\" data-element_type=\"widget\" data-widget_type=\"text-editor.default\">\n\t\t\t\t\t\t\t\t\t<ul><li><strong>De la cha\u00eene d&#039;approvisionnement de gestion des risques<\/strong>\u00a0pour prot\u00e9ger les composants tiers et les partenaires de fabrication.<\/li><\/ul>\t\t\t\t\t\t\t\t<\/div>\n\t\t\t\t<div class=\"elementor-element elementor-element-7ffc9022 elementor-widget-divider--view-line elementor-widget elementor-widget-divider\" data-id=\"7ffc9022\" data-element_type=\"widget\" data-widget_type=\"divider.default\">\n\t\t\t\t\t\t\t<div class=\"elementor-divider\">\n\t\t\t<span class=\"elementor-divider-separator\">\n\t\t\t\t\t\t<\/span>\n\t\t<\/div>\n\t\t\t\t\t\t<\/div>\n\t\t\t\t<div class=\"elementor-element elementor-element-7dd59898 elementor-widget elementor-widget-text-editor\" data-id=\"7dd59898\" data-element_type=\"widget\" data-widget_type=\"text-editor.default\">\n\t\t\t\t\t\t\t\t\t<ul><li><strong>Les tests de p\u00e9n\u00e9tration &amp; gestion des vuln\u00e9rabilit\u00e9s<\/strong>\u00a0pour les p\u00e9riph\u00e9riques, des applications et des syst\u00e8mes de production.<\/li><\/ul>\t\t\t\t\t\t\t\t<\/div>\n\t\t\t\t<div class=\"elementor-element elementor-element-57ac3832 elementor-widget-divider--view-line elementor-widget elementor-widget-divider\" data-id=\"57ac3832\" data-element_type=\"widget\" data-widget_type=\"divider.default\">\n\t\t\t\t\t\t\t<div class=\"elementor-divider\">\n\t\t\t<span class=\"elementor-divider-separator\">\n\t\t\t\t\t\t<\/span>\n\t\t<\/div>\n\t\t\t\t\t\t<\/div>\n\t\t\t\t<div class=\"elementor-element elementor-element-2e191b20 elementor-widget elementor-widget-text-editor\" data-id=\"2e191b20\" data-element_type=\"widget\" data-widget_type=\"text-editor.default\">\n\t\t\t\t\t\t\t\t\t<ul><li><strong>Identity &amp; access management (IAM)<\/strong>\u00a0pour les appareils connect\u00e9s, les utilisateurs et les plates-formes.<\/li><\/ul><p>.<\/p>\t\t\t\t\t\t\t\t<\/div>\n\t\t\t\t<div class=\"elementor-element elementor-element-27fe9209 elementor-widget-divider--view-line elementor-widget elementor-widget-divider\" data-id=\"27fe9209\" data-element_type=\"widget\" data-widget_type=\"divider.default\">\n\t\t\t\t\t\t\t<div class=\"elementor-divider\">\n\t\t\t<span class=\"elementor-divider-separator\">\n\t\t\t\t\t\t<\/span>\n\t\t<\/div>\n\t\t\t\t\t\t<\/div>\n\t\t\t\t<div class=\"elementor-element elementor-element-2a691d85 elementor-widget elementor-widget-text-editor\" data-id=\"2a691d85\" data-element_type=\"widget\" data-widget_type=\"text-editor.default\">\n\t\t\t\t\t\t\t\t\t<ul><li><strong>La menace de la surveillance et de renseignement<\/strong>\u00a0pour d\u00e9tecter les tentatives d&#039;exploitation l&#039;ensemble des march\u00e9s mondiaux.<\/li><\/ul>\t\t\t\t\t\t\t\t<\/div>\n\t\t\t\t<div class=\"elementor-element elementor-element-190f3dfe elementor-widget-divider--view-line elementor-widget elementor-widget-divider\" data-id=\"190f3dfe\" data-element_type=\"widget\" data-widget_type=\"divider.default\">\n\t\t\t\t\t\t\t<div class=\"elementor-divider\">\n\t\t\t<span class=\"elementor-divider-separator\">\n\t\t\t\t\t\t<\/span>\n\t\t<\/div>\n\t\t\t\t\t\t<\/div>\n\t\t\t\t<div class=\"elementor-element elementor-element-5820fd02 elementor-widget elementor-widget-text-editor\" data-id=\"5820fd02\" data-element_type=\"widget\" data-widget_type=\"text-editor.default\">\n\t\t\t\t\t\t\t\t\t<ul><li><strong>Soutien de la conformit\u00e9 r\u00e9glementaire<\/strong>\u00a0avec des normes telles que la norme CEI 62443, ISO 27001, GDPR, et les \u00e9tats-UNIS\/UE l&#039;Ido cybers\u00e9curit\u00e9 actes.<\/li><\/ul>\t\t\t\t\t\t\t\t<\/div>\n\t\t\t\t\t<\/div>\n\t\t<\/div>\n\t\t\t\t\t<\/div>\n\t\t<\/section>\n\t\t\t\t<section class=\"elementor-section elementor-top-section elementor-element elementor-element-7fe2eac8 elementor-section-boxed elementor-section-height-default elementor-section-height-default\" data-id=\"7fe2eac8\" data-element_type=\"section\">\n\t\t\t\t\t\t<div class=\"elementor-container elementor-column-gap-default\">\n\t\t\t\t\t<div class=\"elementor-column elementor-col-100 elementor-top-column elementor-element elementor-element-6bbb6be5\" data-id=\"6bbb6be5\" data-element_type=\"column\" data-settings=\"{&quot;background_background&quot;:&quot;classic&quot;,&quot;background_motion_fx_motion_fx_scrolling&quot;:&quot;yes&quot;,&quot;background_motion_fx_translateX_effect&quot;:&quot;yes&quot;,&quot;background_motion_fx_translateX_speed&quot;:{&quot;unit&quot;:&quot;px&quot;,&quot;size&quot;:3,&quot;sizes&quot;:[]},&quot;background_motion_fx_devices&quot;:[&quot;desktop&quot;],&quot;background_motion_fx_translateX_affectedRange&quot;:{&quot;unit&quot;:&quot;%&quot;,&quot;size&quot;:&quot;&quot;,&quot;sizes&quot;:{&quot;start&quot;:0,&quot;end&quot;:100}}}\">\n\t\t\t<div class=\"elementor-widget-wrap elementor-element-populated\">\n\t\t\t\t\t\t<div class=\"elementor-element elementor-element-43ae5ae1 elementor-widget elementor-widget-heading\" data-id=\"43ae5ae1\" data-element_type=\"widget\" data-widget_type=\"heading.default\">\n\t\t\t\t\t<h2 class=\"elementor-heading-title elementor-size-default\">Pourquoi C&#039;Est Important<\/h2>\t\t\t\t<\/div>\n\t\t\t\t<div class=\"elementor-element elementor-element-33a139fe elementor-widget__width-inherit elementor-widget-mobile__width-inherit elementor-icon-list--layout-traditional elementor-list-item-link-full_width elementor-widget elementor-widget-icon-list\" data-id=\"33a139fe\" data-element_type=\"widget\" data-widget_type=\"icon-list.default\">\n\t\t\t\t\t\t\t<ul class=\"elementor-icon-list-items\">\n\t\t\t\t\t\t\t<li class=\"elementor-icon-list-item\">\n\t\t\t\t\t\t\t\t\t\t\t<span class=\"elementor-icon-list-icon\">\n\t\t\t\t\t\t\t<i aria-hidden=\"true\" class=\"vamtamtheme- vamtam-theme-check-box\"><\/i>\t\t\t\t\t\t<\/span>\n\t\t\t\t\t\t\t\t\t\t<span class=\"elementor-icon-list-text\"><i><b>Prot\u00e9ger La Propri\u00e9t\u00e9 Intellectuelle:<\/b><\/i> Sauvegarder les dessins, code, secrets commerciaux et de cyber-vol.<\/span>\n\t\t\t\t\t\t\t\t\t<\/li>\n\t\t\t\t\t\t\t\t<li class=\"elementor-icon-list-item\">\n\t\t\t\t\t\t\t\t\t\t\t<span class=\"elementor-icon-list-icon\">\n\t\t\t\t\t\t\t<i aria-hidden=\"true\" class=\"vamtamtheme- vamtam-theme-check-box\"><\/i>\t\t\t\t\t\t<\/span>\n\t\t\t\t\t\t\t\t\t\t<span class=\"elementor-icon-list-text\"><i><b>S&#039;Assurer De La S\u00e9curit\u00e9 Des Produits:<\/b><\/i> Pr\u00e9venir les m\u00e9faits de la consommation et de mat\u00e9riels industriels.<\/span>\n\t\t\t\t\t\t\t\t\t<\/li>\n\t\t\t\t\t\t\t\t<li class=\"elementor-icon-list-item\">\n\t\t\t\t\t\t\t\t\t\t\t<span class=\"elementor-icon-list-icon\">\n\t\t\t\t\t\t\t<i aria-hidden=\"true\" class=\"vamtamtheme- vamtam-theme-check-box\"><\/i>\t\t\t\t\t\t<\/span>\n\t\t\t\t\t\t\t\t\t\t<span class=\"elementor-icon-list-text\"><i><b>Maintenir La Confiance Des Clients:<\/b><\/i> Offrir s\u00e9curis\u00e9, fiable, et de la vie priv\u00e9e et la conformit\u00e9 des produits.<\/span>\n\t\t\t\t\t\t\t\t\t<\/li>\n\t\t\t\t\t\t\t\t<li class=\"elementor-icon-list-item\">\n\t\t\t\t\t\t\t\t\t\t\t<span class=\"elementor-icon-list-icon\">\n\t\t\t\t\t\t\t<i aria-hidden=\"true\" class=\"vamtamtheme- vamtam-theme-check-box\"><\/i>\t\t\t\t\t\t<\/span>\n\t\t\t\t\t\t\t\t\t\t<span class=\"elementor-icon-list-text\"><i><b>Permettre L&#039;Acc\u00e8s Au March\u00e9 Mondial:<\/b><\/i> R\u00e9pondre \u00e0 la cybers\u00e9curit\u00e9 des mandats dans les diff\u00e9rentes r\u00e9gions.<\/span>\n\t\t\t\t\t\t\t\t\t<\/li>\n\t\t\t\t\t\t<\/ul>\n\t\t\t\t\t\t<\/div>\n\t\t\t\t<div class=\"elementor-element elementor-element-1636d885 elementor-widget elementor-widget-text-editor\" data-id=\"1636d885\" data-element_type=\"widget\" data-widget_type=\"text-editor.default\">\n\t\t\t\t\t\t\t\t\t<p>Avec la Caph de l&#039;expertise, des fabricants d&#039;appareils \u00e9lectroniques peuvent\u00a0<strong>innover en toute confiance<\/strong>, fournissant des produits et des syst\u00e8mes qui sont s\u00fbrs, r\u00e9silients, et de confiance dans le monde.<\/p>\t\t\t\t\t\t\t\t<\/div>\n\t\t\t\t\t<\/div>\n\t\t<\/div>\n\t\t\t\t\t<\/div>\n\t\t<\/section>\n\t\t\t\t<section class=\"elementor-section elementor-top-section elementor-element elementor-element-2e74075f elementor-section-boxed elementor-section-height-default elementor-section-height-default\" data-id=\"2e74075f\" data-element_type=\"section\">\n\t\t\t\t\t\t<div class=\"elementor-container elementor-column-gap-default\">\n\t\t\t\t\t<div class=\"elementor-column elementor-col-50 elementor-top-column elementor-element elementor-element-31b9dd66\" data-id=\"31b9dd66\" data-element_type=\"column\" data-settings=\"{&quot;background_background&quot;:&quot;classic&quot;}\">\n\t\t\t<div class=\"elementor-widget-wrap elementor-element-populated\">\n\t\t\t\t\t\t<div class=\"elementor-element elementor-element-6668cd4f elementor-widget elementor-widget-spacer\" data-id=\"6668cd4f\" data-element_type=\"widget\" data-widget_type=\"spacer.default\">\n\t\t\t\t\t\t\t<div class=\"elementor-spacer\">\n\t\t\t<div class=\"elementor-spacer-inner\"><\/div>\n\t\t<\/div>\n\t\t\t\t\t\t<\/div>\n\t\t\t\t\t<\/div>\n\t\t<\/div>\n\t\t\t\t<div class=\"elementor-column elementor-col-50 elementor-top-column elementor-element elementor-element-10223933\" data-id=\"10223933\" data-element_type=\"column\">\n\t\t\t<div class=\"elementor-widget-wrap elementor-element-populated\">\n\t\t\t\t\t\t<div class=\"elementor-element elementor-element-444bcc0 elementor-widget elementor-widget-heading\" data-id=\"444bcc0\" data-element_type=\"widget\" data-widget_type=\"heading.default\">\n\t\t\t\t\t<h3 class=\"elementor-heading-title elementor-size-default\">Votre s\u00e9curit\u00e9 est\nnotre mission.<\/h3>\t\t\t\t<\/div>\n\t\t\t\t<div class=\"elementor-element elementor-element-790de3d1 elementor-widget elementor-widget-text-editor\" data-id=\"790de3d1\" data-element_type=\"widget\" data-widget_type=\"text-editor.default\">\n\t\t\t\t\t\t\t\t\t<p>Caph Technologies de l&#039;offre innovante de services de cybers\u00e9curit\u00e9 afin de prot\u00e9ger vos donn\u00e9es, de syst\u00e8mes et de r\u00e9putation.<br \/>Avec nous, vous pouvez vous concentrer sur la croissance, tandis que nous nous occupons de menaces.<\/p><p>Rester En S\u00e9curit\u00e9. S\u00e9jour R\u00e9silient.<\/p>\t\t\t\t\t\t\t\t<\/div>\n\t\t\t\t\t<\/div>\n\t\t<\/div>\n\t\t\t\t\t<\/div>\n\t\t<\/section>\n\t\t\t\t<section class=\"elementor-section elementor-top-section elementor-element elementor-element-2c57e319 elementor-section-boxed elementor-section-height-default elementor-section-height-default\" data-id=\"2c57e319\" data-element_type=\"section\" data-settings=\"{&quot;background_background&quot;:&quot;gradient&quot;}\">\n\t\t\t\t\t\t\t<div class=\"elementor-background-overlay\"><\/div>\n\t\t\t\t\t\t\t<div class=\"elementor-container elementor-column-gap-no\">\n\t\t\t\t\t<div class=\"elementor-column elementor-col-100 elementor-top-column elementor-element elementor-element-1cc65ce3\" data-id=\"1cc65ce3\" data-element_type=\"column\">\n\t\t\t<div class=\"elementor-widget-wrap elementor-element-populated\">\n\t\t\t\t\t\t<div class=\"elementor-element elementor-element-31a86e0 elementor-widget elementor-widget-spacer\" data-id=\"31a86e0\" data-element_type=\"widget\" data-widget_type=\"spacer.default\">\n\t\t\t\t\t\t\t<div class=\"elementor-spacer\">\n\t\t\t<div class=\"elementor-spacer-inner\"><\/div>\n\t\t<\/div>\n\t\t\t\t\t\t<\/div>\n\t\t\t\t<div class=\"elementor-element elementor-element-49dded28 elementor-widget elementor-widget-heading\" data-id=\"49dded28\" data-element_type=\"widget\" data-widget_type=\"heading.default\">\n\t\t\t\t\t<h2 class=\"elementor-heading-title elementor-size-default\">Contactez nous<\/h2>\t\t\t\t<\/div>\n\t\t\t\t<div class=\"elementor-element elementor-element-394c0342 elementor-widget elementor-widget-text-editor\" data-id=\"394c0342\" data-element_type=\"widget\" data-widget_type=\"text-editor.default\">\n\t\t\t\t\t\t\t\t\t<p>Au Caph Technologies, nous pensons que la forte la s\u00e9curit\u00e9 commence avec de solides partenariats. Si vous avez besoin de conseils, une \u00e9valuation de la s\u00e9curit\u00e9, ou une aide imm\u00e9diate, nos experts sont l\u00e0 pour vous aider.<\/p>\t\t\t\t\t\t\t\t<\/div>\n\t\t\t\t<div class=\"vamtam-has-theme-widget-styles elementor-element elementor-element-63cbf71d elementor-align-justify elementor-widget elementor-widget-button\" data-id=\"63cbf71d\" data-element_type=\"widget\" data-widget_type=\"button.default\">\n\t\t\t\t\t\t\t\t\t\t<a class=\"elementor-button elementor-button-link elementor-size-sm\" href=\"https:\/\/caphtech.com\/fr\/contact-us\/\">\n\t\t\t\t\t\t<span class=\"elementor-button-content-wrapper\">\n\t\t\t\t\t\t\t\t\t<span class=\"elementor-button-text\">Contactez-Nous<\/span>\n\t\t\t\t\t<\/span>\n\t\t\t\t\t<\/a>\n\t\t\t\t\t\t\t\t<\/div>\n\t\t\t\t<div class=\"elementor-element elementor-element-3b183bda elementor-widget elementor-widget-spacer\" data-id=\"3b183bda\" data-element_type=\"widget\" data-widget_type=\"spacer.default\">\n\t\t\t\t\t\t\t<div class=\"elementor-spacer\">\n\t\t\t<div class=\"elementor-spacer-inner\"><\/div>\n\t\t<\/div>\n\t\t\t\t\t\t<\/div>\n\t\t\t\t\t<\/div>\n\t\t<\/div>\n\t\t\t\t\t<\/div>\n\t\t<\/section>\n\t\t\t\t<\/div>","protected":false},"excerpt":{"rendered":"<p>Services Cybersecurity for Industrial &amp; Consumer Electronics Contact Us Securing Devices, Data, and the Connected World From\u00a0smart factories\u00a0to\u00a0consumer IoT devices, the electronics industry is at the forefront of digital innovation, and a growing target for cyberattacks. Vulnerabilities in connected devices, supply chains, and manufacturing systems can lead to\u00a0intellectual property theft, product tampering, regulatory penalties, and&#8230;<\/p>","protected":false},"author":1,"featured_media":0,"parent":0,"menu_order":0,"comment_status":"closed","ping_status":"closed","template":"elementor_header_footer","meta":{"footnotes":""},"class_list":["post-21270","page","type-page","status-publish","hentry"],"_links":{"self":[{"href":"https:\/\/caphtech.com\/fr\/wp-json\/wp\/v2\/pages\/21270","targetHints":{"allow":["GET"]}}],"collection":[{"href":"https:\/\/caphtech.com\/fr\/wp-json\/wp\/v2\/pages"}],"about":[{"href":"https:\/\/caphtech.com\/fr\/wp-json\/wp\/v2\/types\/page"}],"author":[{"embeddable":true,"href":"https:\/\/caphtech.com\/fr\/wp-json\/wp\/v2\/users\/1"}],"replies":[{"embeddable":true,"href":"https:\/\/caphtech.com\/fr\/wp-json\/wp\/v2\/comments?post=21270"}],"version-history":[{"count":22,"href":"https:\/\/caphtech.com\/fr\/wp-json\/wp\/v2\/pages\/21270\/revisions"}],"predecessor-version":[{"id":23586,"href":"https:\/\/caphtech.com\/fr\/wp-json\/wp\/v2\/pages\/21270\/revisions\/23586"}],"wp:attachment":[{"href":"https:\/\/caphtech.com\/fr\/wp-json\/wp\/v2\/media?parent=21270"}],"curies":[{"name":"wp","href":"https:\/\/api.w.org\/{rel}","templated":true}]}}